{"id":197183,"date":"2026-03-03T23:46:14","date_gmt":"2026-03-03T22:46:14","guid":{"rendered":"https:\/\/grupotextil.es\/producto\/mochila-de-poliester-reciclado-con-salida-usb-stamina-gregor-7139\/"},"modified":"2026-03-04T06:13:51","modified_gmt":"2026-03-04T05:13:51","slug":"mochila-de-poliester-reciclado-con-salida-usb-stamina-gregor-7139","status":"publish","type":"product","link":"https:\/\/grupotextil.es\/ca\/product\/mochila-de-poliester-reciclado-con-salida-usb-stamina-gregor-7139\/","title":{"rendered":"Mochila de Poli\u00e9ster Reciclado con salida USB Stamina Gregor 7139"},"content":{"rendered":"<p>Mochila de poli\u00e9ster reciclado RPET 600D con dise\u00f1o vigor\u00e9. Bolsillo principal acolchado ideal para port\u00e1til o tablet. Salida USB para conectar un power bank (no incluido). Bolsillo frontal y lateral. Tiras y espalda acolchadas.<\/p>","protected":false},"excerpt":{"rendered":"<p>Mochila de poli\u00e9ster reciclado RPET 600D con dise\u00f1o vigor\u00e9. Bolsillo principal acolchado ideal para port\u00e1til o tablet. Salida USB para conectar un power bank (no incluido). Bolsillo frontal y lateral. Tiras y espalda acolchadas.<\/p>","protected":false},"featured_media":197184,"comment_status":"open","ping_status":"closed","template":"","meta":{"_acf_changed":false},"product_brand":[14012],"product_cat":[13954],"product_tag":[],"class_list":{"0":"post-197183","1":"product","2":"type-product","3":"status-publish","4":"has-post-thumbnail","6":"product_brand-stamina","7":"product_cat-acc-bolsas-y-mochilas","8":"tm-no-options","10":"first","11":"instock","12":"taxable","13":"shipping-taxable","14":"product-type-variable"},"acf":[],"_links":{"self":[{"href":"https:\/\/grupotextil.es\/ca\/wp-json\/wp\/v2\/product\/197183","targetHints":{"allow":["GET"]}}],"collection":[{"href":"https:\/\/grupotextil.es\/ca\/wp-json\/wp\/v2\/product"}],"about":[{"href":"https:\/\/grupotextil.es\/ca\/wp-json\/wp\/v2\/types\/product"}],"replies":[{"embeddable":true,"href":"https:\/\/grupotextil.es\/ca\/wp-json\/wp\/v2\/comments?post=197183"}],"wp:featuredmedia":[{"embeddable":true,"href":"https:\/\/grupotextil.es\/ca\/wp-json\/wp\/v2\/media\/197184"}],"wp:attachment":[{"href":"https:\/\/grupotextil.es\/ca\/wp-json\/wp\/v2\/media?parent=197183"}],"wp:term":[{"taxonomy":"product_brand","embeddable":true,"href":"https:\/\/grupotextil.es\/ca\/wp-json\/wp\/v2\/product_brand?post=197183"},{"taxonomy":"product_cat","embeddable":true,"href":"https:\/\/grupotextil.es\/ca\/wp-json\/wp\/v2\/product_cat?post=197183"},{"taxonomy":"product_tag","embeddable":true,"href":"https:\/\/grupotextil.es\/ca\/wp-json\/wp\/v2\/product_tag?post=197183"}],"curies":[{"name":"wp","href":"https:\/\/api.w.org\/{rel}","templated":true}]}}