{"id":197246,"date":"2026-03-03T23:46:55","date_gmt":"2026-03-03T22:46:55","guid":{"rendered":"https:\/\/grupotextil.es\/producto\/sudadera-roly-maverick-8413-unisex\/"},"modified":"2026-03-04T06:13:51","modified_gmt":"2026-03-04T05:13:51","slug":"sudadera-roly-maverick-8413-unisex","status":"publish","type":"product","link":"https:\/\/grupotextil.es\/ca\/product\/sudadera-roly-maverick-8413-unisex\/","title":{"rendered":"Sudadera Roly Maverick 8413 Unisex"},"content":{"rendered":"<p>Sudadera de media cremallera y cuello alto en colores combinados<\/p>\n<ul>\n<li>Cubre costuras reforzado en el interior del cuello.<\/li>\n<li>Piezas de hombros y detalles a contraste.<\/li>\n<li>Mitad del pu\u00f1o y bajo en punto canal\u00e9 1\u00d71.<\/li>\n<\/ul>","protected":false},"excerpt":{"rendered":"<p>Sudadera de media cremallera y cuello alto en colores combinados<\/p>\n<ul>\n<li>Cubre costuras reforzado en el interior del cuello.<\/li>\n<li>Piezas de hombros y detalles a contraste.<\/li>\n<li>Mitad del pu\u00f1o y bajo en punto canal\u00e9 1\u00d71.<\/li>\n<\/ul>","protected":false},"featured_media":197247,"comment_status":"open","ping_status":"closed","template":"","meta":{"_acf_changed":false},"product_brand":[14011],"product_cat":[13967,13930],"product_tag":[],"class_list":{"0":"post-197246","1":"product","2":"type-product","3":"status-publish","4":"has-post-thumbnail","6":"product_brand-roly","7":"product_cat-rl-industria-y-servicios","8":"product_cat-laboral","9":"tm-no-options","11":"first","12":"instock","13":"taxable","14":"shipping-taxable","15":"product-type-variable"},"acf":[],"_links":{"self":[{"href":"https:\/\/grupotextil.es\/ca\/wp-json\/wp\/v2\/product\/197246","targetHints":{"allow":["GET"]}}],"collection":[{"href":"https:\/\/grupotextil.es\/ca\/wp-json\/wp\/v2\/product"}],"about":[{"href":"https:\/\/grupotextil.es\/ca\/wp-json\/wp\/v2\/types\/product"}],"replies":[{"embeddable":true,"href":"https:\/\/grupotextil.es\/ca\/wp-json\/wp\/v2\/comments?post=197246"}],"wp:featuredmedia":[{"embeddable":true,"href":"https:\/\/grupotextil.es\/ca\/wp-json\/wp\/v2\/media\/197247"}],"wp:attachment":[{"href":"https:\/\/grupotextil.es\/ca\/wp-json\/wp\/v2\/media?parent=197246"}],"wp:term":[{"taxonomy":"product_brand","embeddable":true,"href":"https:\/\/grupotextil.es\/ca\/wp-json\/wp\/v2\/product_brand?post=197246"},{"taxonomy":"product_cat","embeddable":true,"href":"https:\/\/grupotextil.es\/ca\/wp-json\/wp\/v2\/product_cat?post=197246"},{"taxonomy":"product_tag","embeddable":true,"href":"https:\/\/grupotextil.es\/ca\/wp-json\/wp\/v2\/product_tag?post=197246"}],"curies":[{"name":"wp","href":"https:\/\/api.w.org\/{rel}","templated":true}]}}