{"id":197357,"date":"2026-03-03T23:47:41","date_gmt":"2026-03-03T22:47:41","guid":{"rendered":"https:\/\/grupotextil.es\/producto\/cascos-inalambricos-stamina-norby-3035\/"},"modified":"2026-03-04T06:13:52","modified_gmt":"2026-03-04T05:13:52","slug":"cascos-inalambricos-stamina-norby-3035","status":"publish","type":"product","link":"https:\/\/grupotextil.es\/ca\/product\/cascos-inalambricos-stamina-norby-3035\/","title":{"rendered":"Cascos Inal\u00e1mbricos Stamina Norby 3035"},"content":{"rendered":"<p>Auriculares inal\u00e1mbricos realizados en fibra de trigo con acolchado superior y almohadillas en polipiel. Cuenta con funci\u00f3n manos libres, con panel de control y botones multifunci\u00f3n para colgar y responder llamadas y micr\u00f3fono incorporado. Con funci\u00f3n reproducci\u00f3n de audio mediante Bluetooth, radio FM, tarjeta MicroSD y entrada de audio con cable Jack.<\/p>","protected":false},"excerpt":{"rendered":"<p>Auriculares inal\u00e1mbricos realizados en fibra de trigo con acolchado superior y almohadillas en polipiel. Cuenta con funci\u00f3n manos libres, con panel de control y botones multifunci\u00f3n para colgar y responder llamadas y micr\u00f3fono incorporado. Con funci\u00f3n reproducci\u00f3n de audio mediante Bluetooth, radio FM, tarjeta MicroSD y entrada de audio con cable Jack.<\/p>","protected":false},"featured_media":197358,"comment_status":"open","ping_status":"closed","template":"","meta":{"_acf_changed":false},"product_brand":[14012],"product_cat":[14006,13959],"product_tag":[],"class_list":{"0":"post-197357","1":"product","2":"type-product","3":"status-publish","4":"has-post-thumbnail","6":"product_brand-stamina","7":"product_cat-acc-merchandising","8":"product_cat-mr-tecnologia","9":"tm-no-options","11":"first","12":"instock","13":"taxable","14":"shipping-taxable","15":"product-type-variable"},"acf":[],"_links":{"self":[{"href":"https:\/\/grupotextil.es\/ca\/wp-json\/wp\/v2\/product\/197357","targetHints":{"allow":["GET"]}}],"collection":[{"href":"https:\/\/grupotextil.es\/ca\/wp-json\/wp\/v2\/product"}],"about":[{"href":"https:\/\/grupotextil.es\/ca\/wp-json\/wp\/v2\/types\/product"}],"replies":[{"embeddable":true,"href":"https:\/\/grupotextil.es\/ca\/wp-json\/wp\/v2\/comments?post=197357"}],"wp:featuredmedia":[{"embeddable":true,"href":"https:\/\/grupotextil.es\/ca\/wp-json\/wp\/v2\/media\/197358"}],"wp:attachment":[{"href":"https:\/\/grupotextil.es\/ca\/wp-json\/wp\/v2\/media?parent=197357"}],"wp:term":[{"taxonomy":"product_brand","embeddable":true,"href":"https:\/\/grupotextil.es\/ca\/wp-json\/wp\/v2\/product_brand?post=197357"},{"taxonomy":"product_cat","embeddable":true,"href":"https:\/\/grupotextil.es\/ca\/wp-json\/wp\/v2\/product_cat?post=197357"},{"taxonomy":"product_tag","embeddable":true,"href":"https:\/\/grupotextil.es\/ca\/wp-json\/wp\/v2\/product_tag?post=197357"}],"curies":[{"name":"wp","href":"https:\/\/api.w.org\/{rel}","templated":true}]}}