{"id":197364,"date":"2026-03-03T23:47:49","date_gmt":"2026-03-03T22:47:49","guid":{"rendered":"https:\/\/grupotextil.es\/producto\/lapiz-de-grafito-con-escritura-infinita-y-goma-stamina-tikun-7999\/"},"modified":"2026-03-04T06:13:52","modified_gmt":"2026-03-04T05:13:52","slug":"lapiz-de-grafito-con-escritura-infinita-y-goma-stamina-tikun-7999","status":"publish","type":"product","link":"https:\/\/grupotextil.es\/ca\/product\/lapiz-de-grafito-con-escritura-infinita-y-goma-stamina-tikun-7999\/","title":{"rendered":"L\u00e1piz de Grafito con Escritura Infinita y Goma Stamina Tikun 7999"},"content":{"rendered":"<p>L\u00e1piz infinito con cuerpo de bamb\u00fa. Punta de grafito de escritura infinita reemplazable con borrador en el extremo y capucha transparente.<\/p>","protected":false},"excerpt":{"rendered":"<p>L\u00e1piz infinito con cuerpo de bamb\u00fa. Punta de grafito de escritura infinita reemplazable con borrador en el extremo y capucha transparente.<\/p>","protected":false},"featured_media":197365,"comment_status":"open","ping_status":"closed","template":"","meta":{"_acf_changed":false},"product_brand":[14012],"product_cat":[14006,13972],"product_tag":[],"class_list":{"0":"post-197364","1":"product","2":"type-product","3":"status-publish","4":"has-post-thumbnail","6":"product_brand-stamina","7":"product_cat-acc-merchandising","8":"product_cat-oficina-y-escritura","9":"tm-no-options","11":"first","12":"instock","13":"taxable","14":"shipping-taxable","15":"product-type-variable"},"acf":[],"_links":{"self":[{"href":"https:\/\/grupotextil.es\/ca\/wp-json\/wp\/v2\/product\/197364","targetHints":{"allow":["GET"]}}],"collection":[{"href":"https:\/\/grupotextil.es\/ca\/wp-json\/wp\/v2\/product"}],"about":[{"href":"https:\/\/grupotextil.es\/ca\/wp-json\/wp\/v2\/types\/product"}],"replies":[{"embeddable":true,"href":"https:\/\/grupotextil.es\/ca\/wp-json\/wp\/v2\/comments?post=197364"}],"wp:featuredmedia":[{"embeddable":true,"href":"https:\/\/grupotextil.es\/ca\/wp-json\/wp\/v2\/media\/197365"}],"wp:attachment":[{"href":"https:\/\/grupotextil.es\/ca\/wp-json\/wp\/v2\/media?parent=197364"}],"wp:term":[{"taxonomy":"product_brand","embeddable":true,"href":"https:\/\/grupotextil.es\/ca\/wp-json\/wp\/v2\/product_brand?post=197364"},{"taxonomy":"product_cat","embeddable":true,"href":"https:\/\/grupotextil.es\/ca\/wp-json\/wp\/v2\/product_cat?post=197364"},{"taxonomy":"product_tag","embeddable":true,"href":"https:\/\/grupotextil.es\/ca\/wp-json\/wp\/v2\/product_tag?post=197364"}],"curies":[{"name":"wp","href":"https:\/\/api.w.org\/{rel}","templated":true}]}}