{"id":197412,"date":"2026-03-03T23:48:27","date_gmt":"2026-03-03T22:48:27","guid":{"rendered":"https:\/\/grupotextil.es\/producto\/mochila-stamina-mardok-7173\/"},"modified":"2026-03-04T06:13:52","modified_gmt":"2026-03-04T05:13:52","slug":"mochila-stamina-mardok-7173","status":"publish","type":"product","link":"https:\/\/grupotextil.es\/ca\/product\/mochila-stamina-mardok-7173\/","title":{"rendered":"Mochila Stamina Mardok 7173"},"content":{"rendered":"<p>Mochila realizada en nylon 600D. Tiras y espalda acolchadas que har\u00e1n de manera m\u00e1s c\u00f3moda el transporte de la misma. Incluye compartimento interior acolchado ideal para port\u00e1til. Mochila id\u00f3nea de uso diario en la oficina o bien para realizar viajes.<\/p>","protected":false},"excerpt":{"rendered":"<p>Mochila realizada en nylon 600D. Tiras y espalda acolchadas que har\u00e1n de manera m\u00e1s c\u00f3moda el transporte de la misma. Incluye compartimento interior acolchado ideal para port\u00e1til. Mochila id\u00f3nea de uso diario en la oficina o bien para realizar viajes.<\/p>","protected":false},"featured_media":197413,"comment_status":"open","ping_status":"closed","template":"","meta":{"_acf_changed":false},"product_brand":[14012],"product_cat":[13954],"product_tag":[],"class_list":{"0":"post-197412","1":"product","2":"type-product","3":"status-publish","4":"has-post-thumbnail","6":"product_brand-stamina","7":"product_cat-acc-bolsas-y-mochilas","8":"tm-no-options","10":"first","11":"instock","12":"taxable","13":"shipping-taxable","14":"product-type-variable"},"acf":[],"_links":{"self":[{"href":"https:\/\/grupotextil.es\/ca\/wp-json\/wp\/v2\/product\/197412","targetHints":{"allow":["GET"]}}],"collection":[{"href":"https:\/\/grupotextil.es\/ca\/wp-json\/wp\/v2\/product"}],"about":[{"href":"https:\/\/grupotextil.es\/ca\/wp-json\/wp\/v2\/types\/product"}],"replies":[{"embeddable":true,"href":"https:\/\/grupotextil.es\/ca\/wp-json\/wp\/v2\/comments?post=197412"}],"wp:featuredmedia":[{"embeddable":true,"href":"https:\/\/grupotextil.es\/ca\/wp-json\/wp\/v2\/media\/197413"}],"wp:attachment":[{"href":"https:\/\/grupotextil.es\/ca\/wp-json\/wp\/v2\/media?parent=197412"}],"wp:term":[{"taxonomy":"product_brand","embeddable":true,"href":"https:\/\/grupotextil.es\/ca\/wp-json\/wp\/v2\/product_brand?post=197412"},{"taxonomy":"product_cat","embeddable":true,"href":"https:\/\/grupotextil.es\/ca\/wp-json\/wp\/v2\/product_cat?post=197412"},{"taxonomy":"product_tag","embeddable":true,"href":"https:\/\/grupotextil.es\/ca\/wp-json\/wp\/v2\/product_tag?post=197412"}],"curies":[{"name":"wp","href":"https:\/\/api.w.org\/{rel}","templated":true}]}}