{"id":197898,"date":"2026-03-03T23:52:32","date_gmt":"2026-03-03T22:52:32","guid":{"rendered":"https:\/\/grupotextil.es\/producto\/visera-tecnica-stamina-wizer-7048\/"},"modified":"2026-03-04T06:13:54","modified_gmt":"2026-03-04T05:13:54","slug":"visera-tecnica-stamina-wizer-7048","status":"publish","type":"product","link":"https:\/\/grupotextil.es\/ca\/product\/visera-tecnica-stamina-wizer-7048\/","title":{"rendered":"Visera T\u00e9cnica Stamina Wizer 7048"},"content":{"rendered":"<p>C\u00f3moda visera t\u00e9cnica realizada en suave microfibra con cierre para ajuste de velcro y laterales acolchados para mayor confort. Ideal para tus jornadas de deporte m\u00e1s exigentes.<\/p>","protected":false},"excerpt":{"rendered":"<p>C\u00f3moda visera t\u00e9cnica realizada en suave microfibra con cierre para ajuste de velcro y laterales acolchados para mayor confort. Ideal para tus jornadas de deporte m\u00e1s exigentes.<\/p>","protected":false},"featured_media":197899,"comment_status":"open","ping_status":"closed","template":"","meta":{"_acf_changed":false},"product_brand":[14012],"product_cat":[13949],"product_tag":[],"class_list":{"0":"post-197898","1":"product","2":"type-product","3":"status-publish","4":"has-post-thumbnail","6":"product_brand-stamina","7":"product_cat-acc-gorras-y-sombreros","8":"tm-no-options","10":"first","11":"instock","12":"taxable","13":"shipping-taxable","14":"product-type-variable"},"acf":[],"_links":{"self":[{"href":"https:\/\/grupotextil.es\/ca\/wp-json\/wp\/v2\/product\/197898","targetHints":{"allow":["GET"]}}],"collection":[{"href":"https:\/\/grupotextil.es\/ca\/wp-json\/wp\/v2\/product"}],"about":[{"href":"https:\/\/grupotextil.es\/ca\/wp-json\/wp\/v2\/types\/product"}],"replies":[{"embeddable":true,"href":"https:\/\/grupotextil.es\/ca\/wp-json\/wp\/v2\/comments?post=197898"}],"wp:featuredmedia":[{"embeddable":true,"href":"https:\/\/grupotextil.es\/ca\/wp-json\/wp\/v2\/media\/197899"}],"wp:attachment":[{"href":"https:\/\/grupotextil.es\/ca\/wp-json\/wp\/v2\/media?parent=197898"}],"wp:term":[{"taxonomy":"product_brand","embeddable":true,"href":"https:\/\/grupotextil.es\/ca\/wp-json\/wp\/v2\/product_brand?post=197898"},{"taxonomy":"product_cat","embeddable":true,"href":"https:\/\/grupotextil.es\/ca\/wp-json\/wp\/v2\/product_cat?post=197898"},{"taxonomy":"product_tag","embeddable":true,"href":"https:\/\/grupotextil.es\/ca\/wp-json\/wp\/v2\/product_tag?post=197898"}],"curies":[{"name":"wp","href":"https:\/\/api.w.org\/{rel}","templated":true}]}}