{"id":198055,"date":"2026-03-03T23:54:07","date_gmt":"2026-03-03T22:54:07","guid":{"rendered":"https:\/\/grupotextil.es\/producto\/bidon-plegable-stamina-trail-4104\/"},"modified":"2026-03-04T06:13:55","modified_gmt":"2026-03-04T05:13:55","slug":"bidon-plegable-stamina-trail-4104","status":"publish","type":"product","link":"https:\/\/grupotextil.es\/ca\/product\/bidon-plegable-stamina-trail-4104\/","title":{"rendered":"Bid\u00f3n Plegable Stamina Trail 4104"},"content":{"rendered":"<p>Bid\u00f3n plegable para transportar tus bebidas c\u00f3modamente durante eventos deportivos. Gracias a su formato en TPU flexible, este bid\u00f3n de 500 ml es f\u00e1cil de llevar en la mano y ocupa poco espacio en la mochila o chaleco.<\/p>","protected":false},"excerpt":{"rendered":"<p>Bid\u00f3n plegable para transportar tus bebidas c\u00f3modamente durante eventos deportivos. Gracias a su formato en TPU flexible, este bid\u00f3n de 500 ml es f\u00e1cil de llevar en la mano y ocupa poco espacio en la mochila o chaleco.<\/p>","protected":false},"featured_media":198056,"comment_status":"open","ping_status":"closed","template":"","meta":{"_acf_changed":false},"product_brand":[14012],"product_cat":[13958,14006,13971],"product_tag":[],"class_list":{"0":"post-198055","1":"product","2":"type-product","3":"status-publish","4":"has-post-thumbnail","6":"product_brand-stamina","7":"product_cat-mr-botellas-y-termos","8":"product_cat-acc-merchandising","9":"product_cat-mr-tazas","10":"tm-no-options","12":"first","13":"instock","14":"taxable","15":"shipping-taxable","16":"product-type-variable"},"acf":[],"_links":{"self":[{"href":"https:\/\/grupotextil.es\/ca\/wp-json\/wp\/v2\/product\/198055","targetHints":{"allow":["GET"]}}],"collection":[{"href":"https:\/\/grupotextil.es\/ca\/wp-json\/wp\/v2\/product"}],"about":[{"href":"https:\/\/grupotextil.es\/ca\/wp-json\/wp\/v2\/types\/product"}],"replies":[{"embeddable":true,"href":"https:\/\/grupotextil.es\/ca\/wp-json\/wp\/v2\/comments?post=198055"}],"wp:featuredmedia":[{"embeddable":true,"href":"https:\/\/grupotextil.es\/ca\/wp-json\/wp\/v2\/media\/198056"}],"wp:attachment":[{"href":"https:\/\/grupotextil.es\/ca\/wp-json\/wp\/v2\/media?parent=198055"}],"wp:term":[{"taxonomy":"product_brand","embeddable":true,"href":"https:\/\/grupotextil.es\/ca\/wp-json\/wp\/v2\/product_brand?post=198055"},{"taxonomy":"product_cat","embeddable":true,"href":"https:\/\/grupotextil.es\/ca\/wp-json\/wp\/v2\/product_cat?post=198055"},{"taxonomy":"product_tag","embeddable":true,"href":"https:\/\/grupotextil.es\/ca\/wp-json\/wp\/v2\/product_tag?post=198055"}],"curies":[{"name":"wp","href":"https:\/\/api.w.org\/{rel}","templated":true}]}}