{"id":198144,"date":"2026-03-03T23:54:50","date_gmt":"2026-03-03T22:54:50","guid":{"rendered":"https:\/\/grupotextil.es\/producto\/camiseta-roly-sochi-0426-hombre\/"},"modified":"2026-03-10T01:58:44","modified_gmt":"2026-03-10T00:58:44","slug":"camiseta-roly-sochi-0426-hombre","status":"publish","type":"product","link":"https:\/\/grupotextil.es\/ca\/product\/camiseta-roly-sochi-0426-hombre\/","title":{"rendered":"Camiseta Roly Sochi 0426 Hombre"},"content":{"rendered":"<p>Camiseta t\u00e9cnica de manga ragl\u00e1n con paneles sublimados. Poli\u00e9ster Reciclado. Remallado en fl\u00faor (excepto color blanco 183). Detalles reflectantes y fald\u00f3n trasero. Etiqueta identificativa logo ECO en manga.<\/p>","protected":false},"excerpt":{"rendered":"<p>Camiseta t\u00e9cnica de manga ragl\u00e1n con paneles sublimados. Poli\u00e9ster Reciclado. Remallado en fl\u00faor (excepto color blanco 183). Detalles reflectantes y fald\u00f3n trasero. Etiqueta identificativa logo ECO en manga.<\/p>","protected":false},"featured_media":198145,"comment_status":"open","ping_status":"closed","template":"","meta":{"_acf_changed":false},"product_brand":[14011],"product_cat":[13977,13974,13973,14007,9841],"product_tag":[],"class_list":{"0":"post-198144","1":"product","2":"type-product","3":"status-publish","4":"has-post-thumbnail","6":"product_brand-roly","7":"product_cat-h-camisetas-manga-corta","8":"product_cat-ropa-hombre","9":"product_cat-ropa","10":"product_cat-ropa-organica","11":"product_cat-sostenible","12":"tm-no-options","14":"first","15":"instock","16":"taxable","17":"shipping-taxable","18":"product-type-variable"},"acf":[],"_links":{"self":[{"href":"https:\/\/grupotextil.es\/ca\/wp-json\/wp\/v2\/product\/198144","targetHints":{"allow":["GET"]}}],"collection":[{"href":"https:\/\/grupotextil.es\/ca\/wp-json\/wp\/v2\/product"}],"about":[{"href":"https:\/\/grupotextil.es\/ca\/wp-json\/wp\/v2\/types\/product"}],"replies":[{"embeddable":true,"href":"https:\/\/grupotextil.es\/ca\/wp-json\/wp\/v2\/comments?post=198144"}],"wp:featuredmedia":[{"embeddable":true,"href":"https:\/\/grupotextil.es\/ca\/wp-json\/wp\/v2\/media\/198145"}],"wp:attachment":[{"href":"https:\/\/grupotextil.es\/ca\/wp-json\/wp\/v2\/media?parent=198144"}],"wp:term":[{"taxonomy":"product_brand","embeddable":true,"href":"https:\/\/grupotextil.es\/ca\/wp-json\/wp\/v2\/product_brand?post=198144"},{"taxonomy":"product_cat","embeddable":true,"href":"https:\/\/grupotextil.es\/ca\/wp-json\/wp\/v2\/product_cat?post=198144"},{"taxonomy":"product_tag","embeddable":true,"href":"https:\/\/grupotextil.es\/ca\/wp-json\/wp\/v2\/product_tag?post=198144"}],"curies":[{"name":"wp","href":"https:\/\/api.w.org\/{rel}","templated":true}]}}