{"id":198191,"date":"2026-03-03T23:55:19","date_gmt":"2026-03-03T22:55:19","guid":{"rendered":"https:\/\/grupotextil.es\/producto\/boligrafo-con-pulsador-stamina-nagoya-8084\/"},"modified":"2026-03-04T06:13:55","modified_gmt":"2026-03-04T05:13:55","slug":"boligrafo-con-pulsador-stamina-nagoya-8084","status":"publish","type":"product","link":"https:\/\/grupotextil.es\/ca\/product\/boligrafo-con-pulsador-stamina-nagoya-8084\/","title":{"rendered":"Bol\u00edgrafo con Pulsador Stamina Nagoya 8084"},"content":{"rendered":"<p>Bol\u00edgrafo pulsador con cuerpo de bamb\u00fa, accesorios en fibra de bamb\u00fa y clip met\u00e1lico. Carga jumbo o carga doble. Incluye puntero t\u00e1ctil.<\/p>","protected":false},"excerpt":{"rendered":"<p>Bol\u00edgrafo pulsador con cuerpo de bamb\u00fa, accesorios en fibra de bamb\u00fa y clip met\u00e1lico. Carga jumbo o carga doble. Incluye puntero t\u00e1ctil.<\/p>","protected":false},"featured_media":198192,"comment_status":"open","ping_status":"closed","template":"","meta":{"_acf_changed":false},"product_brand":[14012],"product_cat":[14006,13972],"product_tag":[],"class_list":{"0":"post-198191","1":"product","2":"type-product","3":"status-publish","4":"has-post-thumbnail","6":"product_brand-stamina","7":"product_cat-acc-merchandising","8":"product_cat-oficina-y-escritura","9":"tm-no-options","11":"first","12":"outofstock","13":"taxable","14":"shipping-taxable","15":"product-type-variable"},"acf":[],"_links":{"self":[{"href":"https:\/\/grupotextil.es\/ca\/wp-json\/wp\/v2\/product\/198191","targetHints":{"allow":["GET"]}}],"collection":[{"href":"https:\/\/grupotextil.es\/ca\/wp-json\/wp\/v2\/product"}],"about":[{"href":"https:\/\/grupotextil.es\/ca\/wp-json\/wp\/v2\/types\/product"}],"replies":[{"embeddable":true,"href":"https:\/\/grupotextil.es\/ca\/wp-json\/wp\/v2\/comments?post=198191"}],"wp:featuredmedia":[{"embeddable":true,"href":"https:\/\/grupotextil.es\/ca\/wp-json\/wp\/v2\/media\/198192"}],"wp:attachment":[{"href":"https:\/\/grupotextil.es\/ca\/wp-json\/wp\/v2\/media?parent=198191"}],"wp:term":[{"taxonomy":"product_brand","embeddable":true,"href":"https:\/\/grupotextil.es\/ca\/wp-json\/wp\/v2\/product_brand?post=198191"},{"taxonomy":"product_cat","embeddable":true,"href":"https:\/\/grupotextil.es\/ca\/wp-json\/wp\/v2\/product_cat?post=198191"},{"taxonomy":"product_tag","embeddable":true,"href":"https:\/\/grupotextil.es\/ca\/wp-json\/wp\/v2\/product_tag?post=198191"}],"curies":[{"name":"wp","href":"https:\/\/api.w.org\/{rel}","templated":true}]}}