{"id":198426,"date":"2026-03-03T23:58:26","date_gmt":"2026-03-03T22:58:26","guid":{"rendered":"https:\/\/grupotextil.es\/producto\/outlet-zueco-roly-lyles-8305-unisex\/"},"modified":"2026-03-04T06:13:56","modified_gmt":"2026-03-04T05:13:56","slug":"outlet-zueco-roly-lyles-8305-unisex","status":"publish","type":"product","link":"https:\/\/grupotextil.es\/ca\/product\/outlet-zueco-roly-lyles-8305-unisex\/","title":{"rendered":"*OUTLET* Zueco Roly Lyles 8305 Unisex"},"content":{"rendered":"<p>Zueco de m\u00e1xima comodidad, con agujeros de ventilaci\u00f3n y tira de sujeci\u00f3n de doble posici\u00f3n en el tal\u00f3n. Modelo multifuncional, para usar en tiempo libre y tambi\u00e9n ideal para personas que pasan muchas horas de pie, como trabajadores del sector alimentaci\u00f3n, sanitario\u2026<\/p>","protected":false},"excerpt":{"rendered":"<p>Zueco de m\u00e1xima comodidad, con agujeros de ventilaci\u00f3n y tira de sujeci\u00f3n de doble posici\u00f3n en el tal\u00f3n. Modelo multifuncional, para usar en tiempo libre y tambi\u00e9n ideal para personas que pasan muchas horas de pie, como trabajadores del sector alimentaci\u00f3n, sanitario\u2026<\/p>","protected":false},"featured_media":198427,"comment_status":"open","ping_status":"closed","template":"","meta":{"_acf_changed":false},"product_brand":[14011],"product_cat":[13974,13975,13973],"product_tag":[],"class_list":{"0":"post-198426","1":"product","2":"type-product","3":"status-publish","4":"has-post-thumbnail","6":"product_brand-roly","7":"product_cat-ropa-hombre","8":"product_cat-ropa-mujer","9":"product_cat-ropa","10":"tm-no-options","12":"first","13":"instock","14":"taxable","15":"shipping-taxable","16":"product-type-variable"},"acf":[],"_links":{"self":[{"href":"https:\/\/grupotextil.es\/ca\/wp-json\/wp\/v2\/product\/198426","targetHints":{"allow":["GET"]}}],"collection":[{"href":"https:\/\/grupotextil.es\/ca\/wp-json\/wp\/v2\/product"}],"about":[{"href":"https:\/\/grupotextil.es\/ca\/wp-json\/wp\/v2\/types\/product"}],"replies":[{"embeddable":true,"href":"https:\/\/grupotextil.es\/ca\/wp-json\/wp\/v2\/comments?post=198426"}],"wp:featuredmedia":[{"embeddable":true,"href":"https:\/\/grupotextil.es\/ca\/wp-json\/wp\/v2\/media\/198427"}],"wp:attachment":[{"href":"https:\/\/grupotextil.es\/ca\/wp-json\/wp\/v2\/media?parent=198426"}],"wp:term":[{"taxonomy":"product_brand","embeddable":true,"href":"https:\/\/grupotextil.es\/ca\/wp-json\/wp\/v2\/product_brand?post=198426"},{"taxonomy":"product_cat","embeddable":true,"href":"https:\/\/grupotextil.es\/ca\/wp-json\/wp\/v2\/product_cat?post=198426"},{"taxonomy":"product_tag","embeddable":true,"href":"https:\/\/grupotextil.es\/ca\/wp-json\/wp\/v2\/product_tag?post=198426"}],"curies":[{"name":"wp","href":"https:\/\/api.w.org\/{rel}","templated":true}]}}