{"id":198558,"date":"2026-03-03T23:58:59","date_gmt":"2026-03-03T22:58:59","guid":{"rendered":"https:\/\/grupotextil.es\/producto\/chaqueta-roly-surgut-5085-hombre\/"},"modified":"2026-03-10T01:58:44","modified_gmt":"2026-03-10T00:58:44","slug":"chaqueta-roly-surgut-5085-hombre","status":"publish","type":"product","link":"https:\/\/grupotextil.es\/ca\/product\/chaqueta-roly-surgut-5085-hombre\/","title":{"rendered":"Chaqueta Roly Surgut 5085 Hombre"},"content":{"rendered":"<p>Chaqueta acolchada repelente al agua. Capucha extra\u00edble con ajustadores. Cuello alto. Cremallera central a tono con protector de barbilla. Dos bolsillos laterales con cremallera. Punto canal\u00e9 2\u00d71 en pu\u00f1os y cintura. Acceso para personalizaci\u00f3n en pecho izquierdo y espalda.<\/p>","protected":false},"excerpt":{"rendered":"<p>Chaqueta acolchada repelente al agua. Capucha extra\u00edble con ajustadores. Cuello alto. Cremallera central a tono con protector de barbilla. Dos bolsillos laterales con cremallera. Punto canal\u00e9 2\u00d71 en pu\u00f1os y cintura. Acceso para personalizaci\u00f3n en pecho izquierdo y espalda.<\/p>","protected":false},"featured_media":198559,"comment_status":"open","ping_status":"closed","template":"","meta":{"_acf_changed":false},"product_brand":[14011],"product_cat":[13981,13974,13973],"product_tag":[],"class_list":{"0":"post-198558","1":"product","2":"type-product","3":"status-publish","4":"has-post-thumbnail","6":"product_brand-roly","7":"product_cat-h-chaquetas-y-abrigos","8":"product_cat-ropa-hombre","9":"product_cat-ropa","10":"tm-no-options","12":"first","13":"instock","14":"taxable","15":"shipping-taxable","16":"product-type-variable"},"acf":[],"_links":{"self":[{"href":"https:\/\/grupotextil.es\/ca\/wp-json\/wp\/v2\/product\/198558","targetHints":{"allow":["GET"]}}],"collection":[{"href":"https:\/\/grupotextil.es\/ca\/wp-json\/wp\/v2\/product"}],"about":[{"href":"https:\/\/grupotextil.es\/ca\/wp-json\/wp\/v2\/types\/product"}],"replies":[{"embeddable":true,"href":"https:\/\/grupotextil.es\/ca\/wp-json\/wp\/v2\/comments?post=198558"}],"wp:featuredmedia":[{"embeddable":true,"href":"https:\/\/grupotextil.es\/ca\/wp-json\/wp\/v2\/media\/198559"}],"wp:attachment":[{"href":"https:\/\/grupotextil.es\/ca\/wp-json\/wp\/v2\/media?parent=198558"}],"wp:term":[{"taxonomy":"product_brand","embeddable":true,"href":"https:\/\/grupotextil.es\/ca\/wp-json\/wp\/v2\/product_brand?post=198558"},{"taxonomy":"product_cat","embeddable":true,"href":"https:\/\/grupotextil.es\/ca\/wp-json\/wp\/v2\/product_cat?post=198558"},{"taxonomy":"product_tag","embeddable":true,"href":"https:\/\/grupotextil.es\/ca\/wp-json\/wp\/v2\/product_tag?post=198558"}],"curies":[{"name":"wp","href":"https:\/\/api.w.org\/{rel}","templated":true}]}}