{"id":198760,"date":"2026-03-04T00:00:48","date_gmt":"2026-03-03T23:00:48","guid":{"rendered":"https:\/\/grupotextil.es\/producto\/outlet-auriculares-inalambricos-bluetooth-5-0-stamina-trap-3025\/"},"modified":"2026-03-04T06:13:58","modified_gmt":"2026-03-04T05:13:58","slug":"outlet-auriculares-inalambricos-bluetooth-5-0-stamina-trap-3025","status":"publish","type":"product","link":"https:\/\/grupotextil.es\/ca\/product\/outlet-auriculares-inalambricos-bluetooth-5-0-stamina-trap-3025\/","title":{"rendered":"*OUTLET* Auriculares Inal\u00e1mbricos Bluetooth 5.0 Stamina Trap 3025"},"content":{"rendered":"<p>Auriculares inal\u00e1mbricos Bluetooth 5.0 con estuche de carga. Son muy f\u00e1ciles de usar gracias a su bot\u00f3n multifunci\u00f3n integrado en ambos auriculares. Funci\u00f3n manos libres y bater\u00eda recargable mediante tecnolog\u00eda inal\u00e1mbrica. Cable incluido.<\/p>","protected":false},"excerpt":{"rendered":"<p>Auriculares inal\u00e1mbricos Bluetooth 5.0 con estuche de carga. Son muy f\u00e1ciles de usar gracias a su bot\u00f3n multifunci\u00f3n integrado en ambos auriculares. Funci\u00f3n manos libres y bater\u00eda recargable mediante tecnolog\u00eda inal\u00e1mbrica. Cable incluido.<\/p>","protected":false},"featured_media":444879,"comment_status":"open","ping_status":"closed","template":"","meta":{"_acf_changed":false},"product_brand":[14012],"product_cat":[13973],"product_tag":[],"class_list":{"0":"post-198760","1":"product","2":"type-product","3":"status-publish","4":"has-post-thumbnail","6":"product_brand-stamina","7":"product_cat-ropa","8":"tm-no-options","10":"first","11":"instock","12":"taxable","13":"shipping-taxable","14":"product-type-variable"},"acf":[],"_links":{"self":[{"href":"https:\/\/grupotextil.es\/ca\/wp-json\/wp\/v2\/product\/198760","targetHints":{"allow":["GET"]}}],"collection":[{"href":"https:\/\/grupotextil.es\/ca\/wp-json\/wp\/v2\/product"}],"about":[{"href":"https:\/\/grupotextil.es\/ca\/wp-json\/wp\/v2\/types\/product"}],"replies":[{"embeddable":true,"href":"https:\/\/grupotextil.es\/ca\/wp-json\/wp\/v2\/comments?post=198760"}],"wp:featuredmedia":[{"embeddable":true,"href":"https:\/\/grupotextil.es\/ca\/wp-json\/wp\/v2\/media\/444879"}],"wp:attachment":[{"href":"https:\/\/grupotextil.es\/ca\/wp-json\/wp\/v2\/media?parent=198760"}],"wp:term":[{"taxonomy":"product_brand","embeddable":true,"href":"https:\/\/grupotextil.es\/ca\/wp-json\/wp\/v2\/product_brand?post=198760"},{"taxonomy":"product_cat","embeddable":true,"href":"https:\/\/grupotextil.es\/ca\/wp-json\/wp\/v2\/product_cat?post=198760"},{"taxonomy":"product_tag","embeddable":true,"href":"https:\/\/grupotextil.es\/ca\/wp-json\/wp\/v2\/product_tag?post=198760"}],"curies":[{"name":"wp","href":"https:\/\/api.w.org\/{rel}","templated":true}]}}