{"id":199458,"date":"2026-03-04T00:03:52","date_gmt":"2026-03-03T23:03:52","guid":{"rendered":"https:\/\/grupotextil.es\/producto\/camiseta-organica-roly-golden-6690-hombre\/"},"modified":"2026-03-10T01:58:41","modified_gmt":"2026-03-10T00:58:41","slug":"camiseta-organica-roly-golden-6690-hombre","status":"publish","type":"product","link":"https:\/\/grupotextil.es\/ca\/product\/camiseta-organica-roly-golden-6690-hombre\/","title":{"rendered":"Camiseta Org\u00e1nica Roly Golden 6690 Hombre"},"content":{"rendered":"<p>Camiseta tubular de manga corta en Algod\u00f3n Org\u00e1nico. Cuello redondo con Rib 1\u00d71. Costuras decorativas en bajo y mangas.<\/p>","protected":false},"excerpt":{"rendered":"<p>Camiseta tubular de manga corta en Algod\u00f3n Org\u00e1nico. Cuello redondo con Rib 1\u00d71. Costuras decorativas en bajo y mangas.<\/p>","protected":false},"featured_media":199459,"comment_status":"open","ping_status":"closed","template":"","meta":{"_acf_changed":false},"product_brand":[14011],"product_cat":[13977,13974,13973,9841],"product_tag":[],"class_list":{"0":"post-199458","1":"product","2":"type-product","3":"status-publish","4":"has-post-thumbnail","6":"product_brand-roly","7":"product_cat-h-camisetas-manga-corta","8":"product_cat-ropa-hombre","9":"product_cat-ropa","10":"product_cat-sostenible","11":"tm-no-options","13":"first","14":"instock","15":"taxable","16":"shipping-taxable","17":"product-type-variable"},"acf":[],"_links":{"self":[{"href":"https:\/\/grupotextil.es\/ca\/wp-json\/wp\/v2\/product\/199458","targetHints":{"allow":["GET"]}}],"collection":[{"href":"https:\/\/grupotextil.es\/ca\/wp-json\/wp\/v2\/product"}],"about":[{"href":"https:\/\/grupotextil.es\/ca\/wp-json\/wp\/v2\/types\/product"}],"replies":[{"embeddable":true,"href":"https:\/\/grupotextil.es\/ca\/wp-json\/wp\/v2\/comments?post=199458"}],"wp:featuredmedia":[{"embeddable":true,"href":"https:\/\/grupotextil.es\/ca\/wp-json\/wp\/v2\/media\/199459"}],"wp:attachment":[{"href":"https:\/\/grupotextil.es\/ca\/wp-json\/wp\/v2\/media?parent=199458"}],"wp:term":[{"taxonomy":"product_brand","embeddable":true,"href":"https:\/\/grupotextil.es\/ca\/wp-json\/wp\/v2\/product_brand?post=199458"},{"taxonomy":"product_cat","embeddable":true,"href":"https:\/\/grupotextil.es\/ca\/wp-json\/wp\/v2\/product_cat?post=199458"},{"taxonomy":"product_tag","embeddable":true,"href":"https:\/\/grupotextil.es\/ca\/wp-json\/wp\/v2\/product_tag?post=199458"}],"curies":[{"name":"wp","href":"https:\/\/api.w.org\/{rel}","templated":true}]}}