{"id":199605,"date":"2026-03-04T00:05:46","date_gmt":"2026-03-03T23:05:46","guid":{"rendered":"https:\/\/grupotextil.es\/producto\/bolsa-plegable-stamina-toco-7522\/"},"modified":"2026-03-04T06:14:00","modified_gmt":"2026-03-04T05:14:00","slug":"bolsa-plegable-stamina-toco-7522","status":"publish","type":"product","link":"https:\/\/grupotextil.es\/ca\/product\/bolsa-plegable-stamina-toco-7522\/","title":{"rendered":"Bolsa Plegable Stamina Toco 7522"},"content":{"rendered":"<p>Bolsa de la compra plegable en suave poli\u00e9ster 190T en acabado cosido. Incluye pr\u00e1ctico el\u00e1stico para plegado.<\/p>","protected":false},"excerpt":{"rendered":"<p>Bolsa de la compra plegable en suave poli\u00e9ster 190T en acabado cosido. Incluye pr\u00e1ctico el\u00e1stico para plegado.<\/p>","protected":false},"featured_media":199606,"comment_status":"open","ping_status":"closed","template":"","meta":{"_acf_changed":false},"product_brand":[14012],"product_cat":[13954],"product_tag":[],"class_list":{"0":"post-199605","1":"product","2":"type-product","3":"status-publish","4":"has-post-thumbnail","6":"product_brand-stamina","7":"product_cat-acc-bolsas-y-mochilas","8":"tm-no-options","10":"first","11":"instock","12":"taxable","13":"shipping-taxable","14":"product-type-variable"},"acf":[],"_links":{"self":[{"href":"https:\/\/grupotextil.es\/ca\/wp-json\/wp\/v2\/product\/199605","targetHints":{"allow":["GET"]}}],"collection":[{"href":"https:\/\/grupotextil.es\/ca\/wp-json\/wp\/v2\/product"}],"about":[{"href":"https:\/\/grupotextil.es\/ca\/wp-json\/wp\/v2\/types\/product"}],"replies":[{"embeddable":true,"href":"https:\/\/grupotextil.es\/ca\/wp-json\/wp\/v2\/comments?post=199605"}],"wp:featuredmedia":[{"embeddable":true,"href":"https:\/\/grupotextil.es\/ca\/wp-json\/wp\/v2\/media\/199606"}],"wp:attachment":[{"href":"https:\/\/grupotextil.es\/ca\/wp-json\/wp\/v2\/media?parent=199605"}],"wp:term":[{"taxonomy":"product_brand","embeddable":true,"href":"https:\/\/grupotextil.es\/ca\/wp-json\/wp\/v2\/product_brand?post=199605"},{"taxonomy":"product_cat","embeddable":true,"href":"https:\/\/grupotextil.es\/ca\/wp-json\/wp\/v2\/product_cat?post=199605"},{"taxonomy":"product_tag","embeddable":true,"href":"https:\/\/grupotextil.es\/ca\/wp-json\/wp\/v2\/product_tag?post=199605"}],"curies":[{"name":"wp","href":"https:\/\/api.w.org\/{rel}","templated":true}]}}