{"id":199684,"date":"2026-03-04T00:06:14","date_gmt":"2026-03-03T23:06:14","guid":{"rendered":"https:\/\/grupotextil.es\/producto\/libreta-a6-de-carton-reciclado-stamina-saler-8055\/"},"modified":"2026-03-04T06:14:00","modified_gmt":"2026-03-04T05:14:00","slug":"libreta-a6-de-carton-reciclado-stamina-saler-8055","status":"publish","type":"product","link":"https:\/\/grupotextil.es\/ca\/product\/libreta-a6-de-carton-reciclado-stamina-saler-8055\/","title":{"rendered":"Libreta A6 de Cart\u00f3n Reciclado Stamina Saler 8055"},"content":{"rendered":"<p>Libreta A6 de cart\u00f3n reciclado. 60 hojas rayadas a una l\u00ednea.<\/p>","protected":false},"excerpt":{"rendered":"<p>Libreta A6 de cart\u00f3n reciclado. 60 hojas rayadas a una l\u00ednea.<\/p>","protected":false},"featured_media":199685,"comment_status":"open","ping_status":"closed","template":"","meta":{"_acf_changed":false},"product_brand":[14012],"product_cat":[14006,13972],"product_tag":[],"class_list":{"0":"post-199684","1":"product","2":"type-product","3":"status-publish","4":"has-post-thumbnail","6":"product_brand-stamina","7":"product_cat-acc-merchandising","8":"product_cat-oficina-y-escritura","9":"tm-no-options","11":"first","12":"instock","13":"taxable","14":"shipping-taxable","15":"product-type-variable"},"acf":[],"_links":{"self":[{"href":"https:\/\/grupotextil.es\/ca\/wp-json\/wp\/v2\/product\/199684","targetHints":{"allow":["GET"]}}],"collection":[{"href":"https:\/\/grupotextil.es\/ca\/wp-json\/wp\/v2\/product"}],"about":[{"href":"https:\/\/grupotextil.es\/ca\/wp-json\/wp\/v2\/types\/product"}],"replies":[{"embeddable":true,"href":"https:\/\/grupotextil.es\/ca\/wp-json\/wp\/v2\/comments?post=199684"}],"wp:featuredmedia":[{"embeddable":true,"href":"https:\/\/grupotextil.es\/ca\/wp-json\/wp\/v2\/media\/199685"}],"wp:attachment":[{"href":"https:\/\/grupotextil.es\/ca\/wp-json\/wp\/v2\/media?parent=199684"}],"wp:term":[{"taxonomy":"product_brand","embeddable":true,"href":"https:\/\/grupotextil.es\/ca\/wp-json\/wp\/v2\/product_brand?post=199684"},{"taxonomy":"product_cat","embeddable":true,"href":"https:\/\/grupotextil.es\/ca\/wp-json\/wp\/v2\/product_cat?post=199684"},{"taxonomy":"product_tag","embeddable":true,"href":"https:\/\/grupotextil.es\/ca\/wp-json\/wp\/v2\/product_tag?post=199684"}],"curies":[{"name":"wp","href":"https:\/\/api.w.org\/{rel}","templated":true}]}}