{"id":199689,"date":"2026-03-04T00:06:20","date_gmt":"2026-03-03T23:06:20","guid":{"rendered":"https:\/\/grupotextil.es\/producto\/agenda-acolchada-a5-stamina-horus-8059\/"},"modified":"2026-03-04T06:14:00","modified_gmt":"2026-03-04T05:14:00","slug":"agenda-acolchada-a5-stamina-horus-8059","status":"publish","type":"product","link":"https:\/\/grupotextil.es\/ca\/product\/agenda-acolchada-a5-stamina-horus-8059\/","title":{"rendered":"Agenda Acolchada A5 Stamina Horus 8059"},"content":{"rendered":"<p class=\"product-short-desc font-stamina poppins-sort-desc\" data-v-b29e7bc6=\"\">Agenda tama\u00f1o A5 con cubierta acolchada grabada en relieve. 320 p\u00e1ginas m\u00e1s 4 p\u00e1ginas con mapas. Marcador de p\u00e1ginas en color a juego con la portada. Gramaje del papel 60gsm. Impresi\u00f3n a color 2+2. Papel interior de color blanco.<\/p>\n<div class=\"product-color-select\" data-v-e6fd5c10=\"\" data-v-b29e7bc6=\"\">\n<div class=\"product-form product-color flex-row mb-5\" data-v-e6fd5c10=\"\">\n<div class=\"list-color-container-miniature\" data-v-e6fd5c10=\"\">\n<div class=\"v-popover poopover-floating\" data-v-e6fd5c10=\"\">\n<div class=\"trigger\"><\/div>\n<\/div>\n<\/div>\n<\/div>\n<\/div>","protected":false},"excerpt":{"rendered":"<p class=\"product-short-desc font-stamina poppins-sort-desc\" data-v-b29e7bc6=\"\">Agenda tama\u00f1o A5 con cubierta acolchada grabada en relieve. 320 p\u00e1ginas m\u00e1s 4 p\u00e1ginas con mapas. Marcador de p\u00e1ginas en color a juego con la portada. Gramaje del papel 60gsm. Impresi\u00f3n a color 2+2. Papel interior de color blanco.<\/p>\n<div class=\"product-color-select\" data-v-e6fd5c10=\"\" data-v-b29e7bc6=\"\">\n<div class=\"product-form product-color flex-row mb-5\" data-v-e6fd5c10=\"\">\n<div class=\"list-color-container-miniature\" data-v-e6fd5c10=\"\">\n<div class=\"v-popover poopover-floating\" data-v-e6fd5c10=\"\">\n<div class=\"trigger\"><\/div>\n<\/div>\n<\/div>\n<\/div>\n<\/div>","protected":false},"featured_media":199690,"comment_status":"open","ping_status":"closed","template":"","meta":{"_acf_changed":false},"product_brand":[14012],"product_cat":[14006,13972],"product_tag":[],"class_list":{"0":"post-199689","1":"product","2":"type-product","3":"status-publish","4":"has-post-thumbnail","6":"product_brand-stamina","7":"product_cat-acc-merchandising","8":"product_cat-oficina-y-escritura","9":"tm-no-options","11":"first","12":"outofstock","13":"taxable","14":"shipping-taxable","15":"product-type-variable"},"acf":[],"_links":{"self":[{"href":"https:\/\/grupotextil.es\/ca\/wp-json\/wp\/v2\/product\/199689","targetHints":{"allow":["GET"]}}],"collection":[{"href":"https:\/\/grupotextil.es\/ca\/wp-json\/wp\/v2\/product"}],"about":[{"href":"https:\/\/grupotextil.es\/ca\/wp-json\/wp\/v2\/types\/product"}],"replies":[{"embeddable":true,"href":"https:\/\/grupotextil.es\/ca\/wp-json\/wp\/v2\/comments?post=199689"}],"wp:featuredmedia":[{"embeddable":true,"href":"https:\/\/grupotextil.es\/ca\/wp-json\/wp\/v2\/media\/199690"}],"wp:attachment":[{"href":"https:\/\/grupotextil.es\/ca\/wp-json\/wp\/v2\/media?parent=199689"}],"wp:term":[{"taxonomy":"product_brand","embeddable":true,"href":"https:\/\/grupotextil.es\/ca\/wp-json\/wp\/v2\/product_brand?post=199689"},{"taxonomy":"product_cat","embeddable":true,"href":"https:\/\/grupotextil.es\/ca\/wp-json\/wp\/v2\/product_cat?post=199689"},{"taxonomy":"product_tag","embeddable":true,"href":"https:\/\/grupotextil.es\/ca\/wp-json\/wp\/v2\/product_tag?post=199689"}],"curies":[{"name":"wp","href":"https:\/\/api.w.org\/{rel}","templated":true}]}}