{"id":200315,"date":"2026-03-04T00:10:48","date_gmt":"2026-03-03T23:10:48","guid":{"rendered":"https:\/\/grupotextil.es\/producto\/mochila-para-portatil-impermeable-stamina-chucao-7146\/"},"modified":"2026-03-04T06:14:02","modified_gmt":"2026-03-04T05:14:02","slug":"mochila-para-portatil-impermeable-stamina-chucao-7146","status":"publish","type":"product","link":"https:\/\/grupotextil.es\/ca\/product\/mochila-para-portatil-impermeable-stamina-chucao-7146\/","title":{"rendered":"Mochila para Port\u00e1til Impermeable Stamina Chucao 7146"},"content":{"rendered":"<p>Mochila para port\u00e1til de poli\u00e9ster en dise\u00f1o jaspeado. Tirantes, espalda y asas acolchadas. Doble compartimento frontal y bolsillos laterales.<\/p>","protected":false},"excerpt":{"rendered":"<p>Mochila para port\u00e1til de poli\u00e9ster en dise\u00f1o jaspeado. Tirantes, espalda y asas acolchadas. Doble compartimento frontal y bolsillos laterales.<\/p>","protected":false},"featured_media":200316,"comment_status":"open","ping_status":"closed","template":"","meta":{"_acf_changed":false},"product_brand":[14012],"product_cat":[13954],"product_tag":[],"class_list":{"0":"post-200315","1":"product","2":"type-product","3":"status-publish","4":"has-post-thumbnail","6":"product_brand-stamina","7":"product_cat-acc-bolsas-y-mochilas","8":"tm-no-options","10":"first","11":"instock","12":"taxable","13":"shipping-taxable","14":"product-type-variable"},"acf":[],"_links":{"self":[{"href":"https:\/\/grupotextil.es\/ca\/wp-json\/wp\/v2\/product\/200315","targetHints":{"allow":["GET"]}}],"collection":[{"href":"https:\/\/grupotextil.es\/ca\/wp-json\/wp\/v2\/product"}],"about":[{"href":"https:\/\/grupotextil.es\/ca\/wp-json\/wp\/v2\/types\/product"}],"replies":[{"embeddable":true,"href":"https:\/\/grupotextil.es\/ca\/wp-json\/wp\/v2\/comments?post=200315"}],"wp:featuredmedia":[{"embeddable":true,"href":"https:\/\/grupotextil.es\/ca\/wp-json\/wp\/v2\/media\/200316"}],"wp:attachment":[{"href":"https:\/\/grupotextil.es\/ca\/wp-json\/wp\/v2\/media?parent=200315"}],"wp:term":[{"taxonomy":"product_brand","embeddable":true,"href":"https:\/\/grupotextil.es\/ca\/wp-json\/wp\/v2\/product_brand?post=200315"},{"taxonomy":"product_cat","embeddable":true,"href":"https:\/\/grupotextil.es\/ca\/wp-json\/wp\/v2\/product_cat?post=200315"},{"taxonomy":"product_tag","embeddable":true,"href":"https:\/\/grupotextil.es\/ca\/wp-json\/wp\/v2\/product_tag?post=200315"}],"curies":[{"name":"wp","href":"https:\/\/api.w.org\/{rel}","templated":true}]}}