{"id":200724,"date":"2026-03-04T00:12:50","date_gmt":"2026-03-03T23:12:50","guid":{"rendered":"https:\/\/grupotextil.es\/producto\/conjunto-deportivo-roly-juve-0525-adulto\/"},"modified":"2026-03-04T06:14:04","modified_gmt":"2026-03-04T05:14:04","slug":"conjunto-deportivo-roly-juve-0525-adulto","status":"publish","type":"product","link":"https:\/\/grupotextil.es\/ca\/product\/conjunto-deportivo-roly-juve-0525-adulto\/","title":{"rendered":"Conjunto Deportivo Roly Juve 0525 Adulto"},"content":{"rendered":"<p>Conjunto deportivo unisex compuesto de 2 camisetas + 1 pantal\u00f3n. Camisetas con manga semi ragl\u00e1n estampadas. Cuello redondo con tricot en la parte posterior. El color de la segunda camiseta se compone de manera contraria. Pantal\u00f3n con cinturilla el\u00e1stica con cord\u00f3n interior a tono con pespunte de seguridad. Banda lateral a contraste y abertura lateral en el bajo del pantal\u00f3n.<\/p>","protected":false},"excerpt":{"rendered":"<p>Conjunto deportivo unisex compuesto de 2 camisetas + 1 pantal\u00f3n. Camisetas con manga semi ragl\u00e1n estampadas. Cuello redondo con tricot en la parte posterior. El color de la segunda camiseta se compone de manera contraria. Pantal\u00f3n con cinturilla el\u00e1stica con cord\u00f3n interior a tono con pespunte de seguridad. Banda lateral a contraste y abertura lateral en el bajo del pantal\u00f3n.<\/p>","protected":false},"featured_media":200725,"comment_status":"open","ping_status":"closed","template":"","meta":{"_acf_changed":false},"product_brand":[14011],"product_cat":[13941,13940,13939],"product_tag":[],"class_list":{"0":"post-200724","1":"product","2":"type-product","3":"status-publish","4":"has-post-thumbnail","6":"product_brand-roly","7":"product_cat-rd-chandal","8":"product_cat-rd-conjuntos-deportivos","9":"product_cat-deportivo","10":"tm-no-options","12":"first","13":"instock","14":"taxable","15":"shipping-taxable","16":"product-type-variable"},"acf":[],"_links":{"self":[{"href":"https:\/\/grupotextil.es\/ca\/wp-json\/wp\/v2\/product\/200724","targetHints":{"allow":["GET"]}}],"collection":[{"href":"https:\/\/grupotextil.es\/ca\/wp-json\/wp\/v2\/product"}],"about":[{"href":"https:\/\/grupotextil.es\/ca\/wp-json\/wp\/v2\/types\/product"}],"replies":[{"embeddable":true,"href":"https:\/\/grupotextil.es\/ca\/wp-json\/wp\/v2\/comments?post=200724"}],"wp:featuredmedia":[{"embeddable":true,"href":"https:\/\/grupotextil.es\/ca\/wp-json\/wp\/v2\/media\/200725"}],"wp:attachment":[{"href":"https:\/\/grupotextil.es\/ca\/wp-json\/wp\/v2\/media?parent=200724"}],"wp:term":[{"taxonomy":"product_brand","embeddable":true,"href":"https:\/\/grupotextil.es\/ca\/wp-json\/wp\/v2\/product_brand?post=200724"},{"taxonomy":"product_cat","embeddable":true,"href":"https:\/\/grupotextil.es\/ca\/wp-json\/wp\/v2\/product_cat?post=200724"},{"taxonomy":"product_tag","embeddable":true,"href":"https:\/\/grupotextil.es\/ca\/wp-json\/wp\/v2\/product_tag?post=200724"}],"curies":[{"name":"wp","href":"https:\/\/api.w.org\/{rel}","templated":true}]}}