{"id":201119,"date":"2026-03-04T00:15:31","date_gmt":"2026-03-03T23:15:31","guid":{"rendered":"https:\/\/grupotextil.es\/producto\/sudadera-deportiva-roly-epiro-1115-nino\/"},"modified":"2026-03-04T06:14:05","modified_gmt":"2026-03-04T05:14:05","slug":"sudadera-deportiva-roly-epiro-1115-nino","status":"publish","type":"product","link":"https:\/\/grupotextil.es\/ca\/product\/sudadera-deportiva-roly-epiro-1115-nino\/","title":{"rendered":"Sudadera Deportiva Roly Epiro 1115 Ni\u00f1o"},"content":{"rendered":"<p>Sudadera de manga rangl\u00e1n, con Interior perchado, cuello con media cremallera y cubrecosturas de refuerzo en su interior a tono. Parte posterior del cuello, pu\u00f1os y bajo en canal\u00e9 1\u00d71.<\/p>","protected":false},"excerpt":{"rendered":"<p>Sudadera de manga rangl\u00e1n, con Interior perchado, cuello con media cremallera y cubrecosturas de refuerzo en su interior a tono. Parte posterior del cuello, pu\u00f1os y bajo en canal\u00e9 1\u00d71.<\/p>","protected":false},"featured_media":201120,"comment_status":"open","ping_status":"closed","template":"","meta":{"_acf_changed":false},"product_brand":[14011],"product_cat":[13976,13973,13997],"product_tag":[],"class_list":{"0":"post-201119","1":"product","2":"type-product","3":"status-publish","4":"has-post-thumbnail","6":"product_brand-roly","7":"product_cat-ropa-nino","8":"product_cat-ropa","9":"product_cat-n-sudaderas","10":"tm-no-options","12":"first","13":"instock","14":"taxable","15":"shipping-taxable","16":"product-type-variable"},"acf":[],"_links":{"self":[{"href":"https:\/\/grupotextil.es\/ca\/wp-json\/wp\/v2\/product\/201119","targetHints":{"allow":["GET"]}}],"collection":[{"href":"https:\/\/grupotextil.es\/ca\/wp-json\/wp\/v2\/product"}],"about":[{"href":"https:\/\/grupotextil.es\/ca\/wp-json\/wp\/v2\/types\/product"}],"replies":[{"embeddable":true,"href":"https:\/\/grupotextil.es\/ca\/wp-json\/wp\/v2\/comments?post=201119"}],"wp:featuredmedia":[{"embeddable":true,"href":"https:\/\/grupotextil.es\/ca\/wp-json\/wp\/v2\/media\/201120"}],"wp:attachment":[{"href":"https:\/\/grupotextil.es\/ca\/wp-json\/wp\/v2\/media?parent=201119"}],"wp:term":[{"taxonomy":"product_brand","embeddable":true,"href":"https:\/\/grupotextil.es\/ca\/wp-json\/wp\/v2\/product_brand?post=201119"},{"taxonomy":"product_cat","embeddable":true,"href":"https:\/\/grupotextil.es\/ca\/wp-json\/wp\/v2\/product_cat?post=201119"},{"taxonomy":"product_tag","embeddable":true,"href":"https:\/\/grupotextil.es\/ca\/wp-json\/wp\/v2\/product_tag?post=201119"}],"curies":[{"name":"wp","href":"https:\/\/api.w.org\/{rel}","templated":true}]}}