{"id":201198,"date":"2026-03-04T00:15:42","date_gmt":"2026-03-03T23:15:42","guid":{"rendered":"https:\/\/grupotextil.es\/producto\/body-roly-honey-l-s-7202-bebe-manga-larga\/"},"modified":"2026-03-04T06:14:05","modified_gmt":"2026-03-04T05:14:05","slug":"body-roly-honey-l-s-7202-bebe-manga-larga","status":"publish","type":"product","link":"https:\/\/grupotextil.es\/ca\/product\/body-roly-honey-l-s-7202-bebe-manga-larga\/","title":{"rendered":"Body Roly Honey L\/S 7202 Beb\u00e9 Manga Larga"},"content":{"rendered":"<p>Body de beb\u00e9 de manga larga de punto liso. Cuello redondo y bajo ribeteado en canal\u00e9 1\u00d71. Cierre con botones a presi\u00f3n en la entrepierna. Hombro de apertura cruzada.<\/p>","protected":false},"excerpt":{"rendered":"<p>Body de beb\u00e9 de manga larga de punto liso. Cuello redondo y bajo ribeteado en canal\u00e9 1\u00d71. Cierre con botones a presi\u00f3n en la entrepierna. Hombro de apertura cruzada.<\/p>","protected":false},"featured_media":201199,"comment_status":"open","ping_status":"closed","template":"","meta":{"_acf_changed":false},"product_brand":[14011],"product_cat":[13948,10160,14001,13973],"product_tag":[],"class_list":{"0":"post-201198","1":"product","2":"type-product","3":"status-publish","4":"has-post-thumbnail","6":"product_brand-roly","7":"product_cat-accesorios","8":"product_cat-ropa-bebe","9":"product_cat-b-camisetas","10":"product_cat-ropa","11":"tm-no-options","13":"first","14":"instock","15":"taxable","16":"shipping-taxable","17":"product-type-variable"},"acf":[],"_links":{"self":[{"href":"https:\/\/grupotextil.es\/ca\/wp-json\/wp\/v2\/product\/201198","targetHints":{"allow":["GET"]}}],"collection":[{"href":"https:\/\/grupotextil.es\/ca\/wp-json\/wp\/v2\/product"}],"about":[{"href":"https:\/\/grupotextil.es\/ca\/wp-json\/wp\/v2\/types\/product"}],"replies":[{"embeddable":true,"href":"https:\/\/grupotextil.es\/ca\/wp-json\/wp\/v2\/comments?post=201198"}],"wp:featuredmedia":[{"embeddable":true,"href":"https:\/\/grupotextil.es\/ca\/wp-json\/wp\/v2\/media\/201199"}],"wp:attachment":[{"href":"https:\/\/grupotextil.es\/ca\/wp-json\/wp\/v2\/media?parent=201198"}],"wp:term":[{"taxonomy":"product_brand","embeddable":true,"href":"https:\/\/grupotextil.es\/ca\/wp-json\/wp\/v2\/product_brand?post=201198"},{"taxonomy":"product_cat","embeddable":true,"href":"https:\/\/grupotextil.es\/ca\/wp-json\/wp\/v2\/product_cat?post=201198"},{"taxonomy":"product_tag","embeddable":true,"href":"https:\/\/grupotextil.es\/ca\/wp-json\/wp\/v2\/product_tag?post=201198"}],"curies":[{"name":"wp","href":"https:\/\/api.w.org\/{rel}","templated":true}]}}