{"id":201553,"date":"2026-03-04T00:17:11","date_gmt":"2026-03-03T23:17:11","guid":{"rendered":"https:\/\/grupotextil.es\/producto\/camiseta-roly-detroit-6652-nino\/"},"modified":"2026-03-04T06:14:06","modified_gmt":"2026-03-04T05:14:06","slug":"camiseta-roly-detroit-6652-nino","status":"publish","type":"product","link":"https:\/\/grupotextil.es\/ca\/product\/camiseta-roly-detroit-6652-nino\/","title":{"rendered":"Camiseta Roly Detroit 6652 Ni\u00f1o"},"content":{"rendered":"<p>Camiseta t\u00e9cnica de manga corta, con cuello redondo. Combinada en espalda y hombros con dos tejidos de poli\u00e9ster. Tejido principal frontal bird\u00b4s eye y tejido rejilla 3D transpirable en la parte trasera. Tejido preparado para la absorci\u00f3n de humedad. Pespuntes decorativos zigzag en hombros y costados frontales. Patronaje en la espalda ligeramente mas largo.<\/p>","protected":false},"excerpt":{"rendered":"<p>Camiseta t\u00e9cnica de manga corta, con cuello redondo. Combinada en espalda y hombros con dos tejidos de poli\u00e9ster. Tejido principal frontal bird\u00b4s eye y tejido rejilla 3D transpirable en la parte trasera. Tejido preparado para la absorci\u00f3n de humedad. Pespuntes decorativos zigzag en hombros y costados frontales. Patronaje en la espalda ligeramente mas largo.<\/p>","protected":false},"featured_media":201554,"comment_status":"open","ping_status":"closed","template":"","meta":{"_acf_changed":false},"product_brand":[14011],"product_cat":[13931,13995,14004,13939,13930,13976,13973],"product_tag":[],"class_list":{"0":"post-201553","1":"product","2":"type-product","3":"status-publish","4":"has-post-thumbnail","6":"product_brand-roly","7":"product_cat-rl-alta-visibilidad","8":"product_cat-n-camisetas","9":"product_cat-rd-camisetas-tecnicas","10":"product_cat-deportivo","11":"product_cat-laboral","12":"product_cat-ropa-nino","13":"product_cat-ropa","14":"tm-no-options","16":"first","17":"instock","18":"taxable","19":"shipping-taxable","20":"product-type-variable"},"acf":[],"_links":{"self":[{"href":"https:\/\/grupotextil.es\/ca\/wp-json\/wp\/v2\/product\/201553","targetHints":{"allow":["GET"]}}],"collection":[{"href":"https:\/\/grupotextil.es\/ca\/wp-json\/wp\/v2\/product"}],"about":[{"href":"https:\/\/grupotextil.es\/ca\/wp-json\/wp\/v2\/types\/product"}],"replies":[{"embeddable":true,"href":"https:\/\/grupotextil.es\/ca\/wp-json\/wp\/v2\/comments?post=201553"}],"wp:featuredmedia":[{"embeddable":true,"href":"https:\/\/grupotextil.es\/ca\/wp-json\/wp\/v2\/media\/201554"}],"wp:attachment":[{"href":"https:\/\/grupotextil.es\/ca\/wp-json\/wp\/v2\/media?parent=201553"}],"wp:term":[{"taxonomy":"product_brand","embeddable":true,"href":"https:\/\/grupotextil.es\/ca\/wp-json\/wp\/v2\/product_brand?post=201553"},{"taxonomy":"product_cat","embeddable":true,"href":"https:\/\/grupotextil.es\/ca\/wp-json\/wp\/v2\/product_cat?post=201553"},{"taxonomy":"product_tag","embeddable":true,"href":"https:\/\/grupotextil.es\/ca\/wp-json\/wp\/v2\/product_tag?post=201553"}],"curies":[{"name":"wp","href":"https:\/\/api.w.org\/{rel}","templated":true}]}}