{"id":201722,"date":"2026-03-04T00:18:27","date_gmt":"2026-03-03T23:18:27","guid":{"rendered":"https:\/\/grupotextil.es\/producto\/polo-roly-monzha-0404-nino\/"},"modified":"2026-03-04T06:14:07","modified_gmt":"2026-03-04T05:14:07","slug":"polo-roly-monzha-0404-nino","status":"publish","type":"product","link":"https:\/\/grupotextil.es\/ca\/product\/polo-roly-monzha-0404-nino\/","title":{"rendered":"Polo Roly Monzha 0404 Ni\u00f1o"},"content":{"rendered":"<p>Polo t\u00e9cnico en manga corta. Cuello tricotosa con tapeta 3 botones. Tejido transpirable f\u00e1cil lavado y secado.<\/p>","protected":false},"excerpt":{"rendered":"<p>Polo t\u00e9cnico en manga corta. Cuello tricotosa con tapeta 3 botones. Tejido transpirable f\u00e1cil lavado y secado.<\/p>","protected":false},"featured_media":201723,"comment_status":"open","ping_status":"closed","template":"","meta":{"_acf_changed":false},"product_brand":[14011],"product_cat":[13939,13976,13996,13973],"product_tag":[],"class_list":{"0":"post-201722","1":"product","2":"type-product","3":"status-publish","4":"has-post-thumbnail","6":"product_brand-roly","7":"product_cat-deportivo","8":"product_cat-ropa-nino","9":"product_cat-n-polos","10":"product_cat-ropa","11":"tm-no-options","13":"first","14":"instock","15":"taxable","16":"shipping-taxable","17":"product-type-variable"},"acf":[],"_links":{"self":[{"href":"https:\/\/grupotextil.es\/ca\/wp-json\/wp\/v2\/product\/201722","targetHints":{"allow":["GET"]}}],"collection":[{"href":"https:\/\/grupotextil.es\/ca\/wp-json\/wp\/v2\/product"}],"about":[{"href":"https:\/\/grupotextil.es\/ca\/wp-json\/wp\/v2\/types\/product"}],"replies":[{"embeddable":true,"href":"https:\/\/grupotextil.es\/ca\/wp-json\/wp\/v2\/comments?post=201722"}],"wp:featuredmedia":[{"embeddable":true,"href":"https:\/\/grupotextil.es\/ca\/wp-json\/wp\/v2\/media\/201723"}],"wp:attachment":[{"href":"https:\/\/grupotextil.es\/ca\/wp-json\/wp\/v2\/media?parent=201722"}],"wp:term":[{"taxonomy":"product_brand","embeddable":true,"href":"https:\/\/grupotextil.es\/ca\/wp-json\/wp\/v2\/product_brand?post=201722"},{"taxonomy":"product_cat","embeddable":true,"href":"https:\/\/grupotextil.es\/ca\/wp-json\/wp\/v2\/product_cat?post=201722"},{"taxonomy":"product_tag","embeddable":true,"href":"https:\/\/grupotextil.es\/ca\/wp-json\/wp\/v2\/product_tag?post=201722"}],"curies":[{"name":"wp","href":"https:\/\/api.w.org\/{rel}","templated":true}]}}