{"id":201833,"date":"2026-03-04T00:18:57","date_gmt":"2026-03-03T23:18:57","guid":{"rendered":"https:\/\/grupotextil.es\/producto\/outlet-sudadera-roly-capucha-1087-unisex\/"},"modified":"2026-03-04T06:14:07","modified_gmt":"2026-03-04T05:14:07","slug":"outlet-sudadera-roly-capucha-1087-unisex","status":"publish","type":"product","link":"https:\/\/grupotextil.es\/ca\/product\/outlet-sudadera-roly-capucha-1087-unisex\/","title":{"rendered":"*OUTLET* Sudadera Roly Capucha 1087 Unisex"},"content":{"rendered":"<p><strong>PRODUCTO QUE SE DESCATALOGAR\u00c1 EN 2025<\/strong> \u2013 Sudadera capucha con bolsillo canguro y *cord\u00f3n ajustable. Pu\u00f1os y cinturilla de punto canal\u00e9 1\u00d71 con elastano. Modelo de ni\u00f1o sin cord\u00f3n *<strong>AVISO:<\/strong> El cord\u00f3n de la sudadera es redondo y no corresponde con el de la fotograf\u00eda.<\/p>","protected":false},"excerpt":{"rendered":"<p><strong>PRODUCTO QUE SE DESCATALOGAR\u00c1 EN 2025<\/strong> \u2013 Sudadera capucha con bolsillo canguro y *cord\u00f3n ajustable. Pu\u00f1os y cinturilla de punto canal\u00e9 1\u00d71 con elastano. Modelo de ni\u00f1o sin cord\u00f3n *<strong>AVISO:<\/strong> El cord\u00f3n de la sudadera es redondo y no corresponde con el de la fotograf\u00eda.<\/p>","protected":false},"featured_media":201834,"comment_status":"open","ping_status":"closed","template":"","meta":{"_acf_changed":false},"product_brand":[14011],"product_cat":[13974,13975,13973],"product_tag":[],"class_list":{"0":"post-201833","1":"product","2":"type-product","3":"status-publish","4":"has-post-thumbnail","6":"product_brand-roly","7":"product_cat-ropa-hombre","8":"product_cat-ropa-mujer","9":"product_cat-ropa","10":"tm-no-options","12":"first","13":"instock","14":"taxable","15":"shipping-taxable","16":"product-type-variable"},"acf":[],"_links":{"self":[{"href":"https:\/\/grupotextil.es\/ca\/wp-json\/wp\/v2\/product\/201833","targetHints":{"allow":["GET"]}}],"collection":[{"href":"https:\/\/grupotextil.es\/ca\/wp-json\/wp\/v2\/product"}],"about":[{"href":"https:\/\/grupotextil.es\/ca\/wp-json\/wp\/v2\/types\/product"}],"replies":[{"embeddable":true,"href":"https:\/\/grupotextil.es\/ca\/wp-json\/wp\/v2\/comments?post=201833"}],"wp:featuredmedia":[{"embeddable":true,"href":"https:\/\/grupotextil.es\/ca\/wp-json\/wp\/v2\/media\/201834"}],"wp:attachment":[{"href":"https:\/\/grupotextil.es\/ca\/wp-json\/wp\/v2\/media?parent=201833"}],"wp:term":[{"taxonomy":"product_brand","embeddable":true,"href":"https:\/\/grupotextil.es\/ca\/wp-json\/wp\/v2\/product_brand?post=201833"},{"taxonomy":"product_cat","embeddable":true,"href":"https:\/\/grupotextil.es\/ca\/wp-json\/wp\/v2\/product_cat?post=201833"},{"taxonomy":"product_tag","embeddable":true,"href":"https:\/\/grupotextil.es\/ca\/wp-json\/wp\/v2\/product_tag?post=201833"}],"curies":[{"name":"wp","href":"https:\/\/api.w.org\/{rel}","templated":true}]}}