{"id":202280,"date":"2026-03-04T00:21:26","date_gmt":"2026-03-03T23:21:26","guid":{"rendered":"https:\/\/grupotextil.es\/producto\/chubasquero-roly-island-5200-hombre\/"},"modified":"2026-03-10T01:58:37","modified_gmt":"2026-03-10T00:58:37","slug":"chubasquero-roly-island-5200-hombre","status":"publish","type":"product","link":"https:\/\/grupotextil.es\/ca\/product\/chubasquero-roly-island-5200-hombre\/","title":{"rendered":"Chubasquero Roly Island 5200 Hombre"},"content":{"rendered":"<p>Chubasquero unisex. Cuello alto y capucha extra\u00edble con cordones ajustables. Cremallera central al tono con tirador. Dos bolsillos laterales de cremallera con solapa. Pu\u00f1os el\u00e1sticos. Bajo con cordones ajustables en interior. Goma el\u00e1stica en el interior del bolsillo para su plegado y guardado.<\/p>","protected":false},"excerpt":{"rendered":"<p>Chubasquero unisex. Cuello alto y capucha extra\u00edble con cordones ajustables. Cremallera central al tono con tirador. Dos bolsillos laterales de cremallera con solapa. Pu\u00f1os el\u00e1sticos. Bajo con cordones ajustables en interior. Goma el\u00e1stica en el interior del bolsillo para su plegado y guardado.<\/p>","protected":false},"featured_media":202281,"comment_status":"open","ping_status":"closed","template":"","meta":{"_acf_changed":false},"product_brand":[14011],"product_cat":[13981,14005,13939,13974,13973],"product_tag":[],"class_list":{"0":"post-202280","1":"product","2":"type-product","3":"status-publish","4":"has-post-thumbnail","6":"product_brand-roly","7":"product_cat-h-chaquetas-y-abrigos","8":"product_cat-rd-cortavientos","9":"product_cat-deportivo","10":"product_cat-ropa-hombre","11":"product_cat-ropa","12":"tm-no-options","14":"first","15":"instock","16":"taxable","17":"shipping-taxable","18":"product-type-variable"},"acf":[],"_links":{"self":[{"href":"https:\/\/grupotextil.es\/ca\/wp-json\/wp\/v2\/product\/202280","targetHints":{"allow":["GET"]}}],"collection":[{"href":"https:\/\/grupotextil.es\/ca\/wp-json\/wp\/v2\/product"}],"about":[{"href":"https:\/\/grupotextil.es\/ca\/wp-json\/wp\/v2\/types\/product"}],"replies":[{"embeddable":true,"href":"https:\/\/grupotextil.es\/ca\/wp-json\/wp\/v2\/comments?post=202280"}],"wp:featuredmedia":[{"embeddable":true,"href":"https:\/\/grupotextil.es\/ca\/wp-json\/wp\/v2\/media\/202281"}],"wp:attachment":[{"href":"https:\/\/grupotextil.es\/ca\/wp-json\/wp\/v2\/media?parent=202280"}],"wp:term":[{"taxonomy":"product_brand","embeddable":true,"href":"https:\/\/grupotextil.es\/ca\/wp-json\/wp\/v2\/product_brand?post=202280"},{"taxonomy":"product_cat","embeddable":true,"href":"https:\/\/grupotextil.es\/ca\/wp-json\/wp\/v2\/product_cat?post=202280"},{"taxonomy":"product_tag","embeddable":true,"href":"https:\/\/grupotextil.es\/ca\/wp-json\/wp\/v2\/product_tag?post=202280"}],"curies":[{"name":"wp","href":"https:\/\/api.w.org\/{rel}","templated":true}]}}