{"id":202338,"date":"2026-03-04T00:21:59","date_gmt":"2026-03-03T23:21:59","guid":{"rendered":"https:\/\/grupotextil.es\/producto\/sudadera-roly-veleta-6425-mujer\/"},"modified":"2026-03-10T01:59:14","modified_gmt":"2026-03-10T00:59:14","slug":"sudadera-roly-veleta-6425-mujer","status":"publish","type":"product","link":"https:\/\/grupotextil.es\/ca\/product\/sudadera-roly-veleta-6425-mujer\/","title":{"rendered":"Sudadera Roly Veleta 6425 Mujer"},"content":{"rendered":"<p>Sudadera de mujer con capucha forrada a tono. Cremallera met\u00e1lica frontal y bolsillo estilo canguro. Cubrecosturas reforzado en el cuello interior, corte entallado, y punto canal\u00e9 2\u00d72 en pu\u00f1os y cintura.<\/p>","protected":false},"excerpt":{"rendered":"<p>Sudadera de mujer con capucha forrada a tono. Cremallera met\u00e1lica frontal y bolsillo estilo canguro. Cubrecosturas reforzado en el cuello interior, corte entallado, y punto canal\u00e9 2\u00d72 en pu\u00f1os y cintura.<\/p>","protected":false},"featured_media":202339,"comment_status":"open","ping_status":"closed","template":"","meta":{"_acf_changed":false},"product_brand":[14011],"product_cat":[13975,13973,13989],"product_tag":[],"class_list":{"0":"post-202338","1":"product","2":"type-product","3":"status-publish","4":"has-post-thumbnail","6":"product_brand-roly","7":"product_cat-ropa-mujer","8":"product_cat-ropa","9":"product_cat-m-sudaderas","10":"tm-no-options","12":"first","13":"instock","14":"taxable","15":"shipping-taxable","16":"product-type-variable"},"acf":[],"_links":{"self":[{"href":"https:\/\/grupotextil.es\/ca\/wp-json\/wp\/v2\/product\/202338","targetHints":{"allow":["GET"]}}],"collection":[{"href":"https:\/\/grupotextil.es\/ca\/wp-json\/wp\/v2\/product"}],"about":[{"href":"https:\/\/grupotextil.es\/ca\/wp-json\/wp\/v2\/types\/product"}],"replies":[{"embeddable":true,"href":"https:\/\/grupotextil.es\/ca\/wp-json\/wp\/v2\/comments?post=202338"}],"wp:featuredmedia":[{"embeddable":true,"href":"https:\/\/grupotextil.es\/ca\/wp-json\/wp\/v2\/media\/202339"}],"wp:attachment":[{"href":"https:\/\/grupotextil.es\/ca\/wp-json\/wp\/v2\/media?parent=202338"}],"wp:term":[{"taxonomy":"product_brand","embeddable":true,"href":"https:\/\/grupotextil.es\/ca\/wp-json\/wp\/v2\/product_brand?post=202338"},{"taxonomy":"product_cat","embeddable":true,"href":"https:\/\/grupotextil.es\/ca\/wp-json\/wp\/v2\/product_cat?post=202338"},{"taxonomy":"product_tag","embeddable":true,"href":"https:\/\/grupotextil.es\/ca\/wp-json\/wp\/v2\/product_tag?post=202338"}],"curies":[{"name":"wp","href":"https:\/\/api.w.org\/{rel}","templated":true}]}}