{"id":202434,"date":"2026-03-04T00:22:42","date_gmt":"2026-03-03T23:22:42","guid":{"rendered":"https:\/\/grupotextil.es\/producto\/polo-alta-visibilidad-roly-polaris-l-s-9306-manga-larga\/"},"modified":"2026-03-04T23:53:25","modified_gmt":"2026-03-04T22:53:25","slug":"polo-alta-visibilidad-roly-polaris-l-s-9306-manga-larga","status":"publish","type":"product","link":"https:\/\/grupotextil.es\/ca\/product\/polo-alta-visibilidad-roly-polaris-l-s-9306-manga-larga\/","title":{"rendered":"Polo Alta Visibilidad Roly Polaris L\/S 9306 Manga Larga"},"content":{"rendered":"<p>Polo t\u00e9cnico manga larga de alta visibilidad.<\/p>\n<ul>\n<li>Cuello y pu\u00f1o en punto canal\u00e9 1\u00d71.<\/li>\n<li>Tapeta con 3 botones.<\/li>\n<li>Dos cintas reflectantes en mangas, pecho y espalda.<\/li>\n<li>Tejido anti enganches y f\u00e1cil secado.<\/li>\n<\/ul>","protected":false},"excerpt":{"rendered":"<p>Polo t\u00e9cnico manga larga de alta visibilidad.<\/p>\n<ul>\n<li>Cuello y pu\u00f1o en punto canal\u00e9 1\u00d71.<\/li>\n<li>Tapeta con 3 botones.<\/li>\n<li>Dos cintas reflectantes en mangas, pecho y espalda.<\/li>\n<li>Tejido anti enganches y f\u00e1cil secado.<\/li>\n<\/ul>","protected":false},"featured_media":202435,"comment_status":"open","ping_status":"closed","template":"","meta":{"_acf_changed":false},"product_brand":[14011],"product_cat":[13931,13978,13987,13974,13930,13975,13973],"product_tag":[],"class_list":{"0":"post-202434","1":"product","2":"type-product","3":"status-publish","4":"has-post-thumbnail","6":"product_brand-roly","7":"product_cat-rl-alta-visibilidad","8":"product_cat-h-camisetas-manga-larga","9":"product_cat-m-camisetas-manga-larga","10":"product_cat-ropa-hombre","11":"product_cat-laboral","12":"product_cat-ropa-mujer","13":"product_cat-ropa","14":"tm-no-options","16":"first","17":"instock","18":"featured","19":"taxable","20":"shipping-taxable","21":"product-type-variable"},"acf":[],"_links":{"self":[{"href":"https:\/\/grupotextil.es\/ca\/wp-json\/wp\/v2\/product\/202434","targetHints":{"allow":["GET"]}}],"collection":[{"href":"https:\/\/grupotextil.es\/ca\/wp-json\/wp\/v2\/product"}],"about":[{"href":"https:\/\/grupotextil.es\/ca\/wp-json\/wp\/v2\/types\/product"}],"replies":[{"embeddable":true,"href":"https:\/\/grupotextil.es\/ca\/wp-json\/wp\/v2\/comments?post=202434"}],"wp:featuredmedia":[{"embeddable":true,"href":"https:\/\/grupotextil.es\/ca\/wp-json\/wp\/v2\/media\/202435"}],"wp:attachment":[{"href":"https:\/\/grupotextil.es\/ca\/wp-json\/wp\/v2\/media?parent=202434"}],"wp:term":[{"taxonomy":"product_brand","embeddable":true,"href":"https:\/\/grupotextil.es\/ca\/wp-json\/wp\/v2\/product_brand?post=202434"},{"taxonomy":"product_cat","embeddable":true,"href":"https:\/\/grupotextil.es\/ca\/wp-json\/wp\/v2\/product_cat?post=202434"},{"taxonomy":"product_tag","embeddable":true,"href":"https:\/\/grupotextil.es\/ca\/wp-json\/wp\/v2\/product_tag?post=202434"}],"curies":[{"name":"wp","href":"https:\/\/api.w.org\/{rel}","templated":true}]}}