{"id":203170,"date":"2026-03-04T00:28:21","date_gmt":"2026-03-03T23:28:21","guid":{"rendered":"https:\/\/grupotextil.es\/producto\/conjunto-deportivo-roly-united-0457-adulto\/"},"modified":"2026-03-04T06:14:12","modified_gmt":"2026-03-04T05:14:12","slug":"conjunto-deportivo-roly-united-0457-adulto","status":"publish","type":"product","link":"https:\/\/grupotextil.es\/ca\/product\/conjunto-deportivo-roly-united-0457-adulto\/","title":{"rendered":"Conjunto Deportivo Roly United 0457 Adulto"},"content":{"rendered":"<p>Conjunto deportivo de camiseta y pantal\u00f3n. Camiseta con doble cuello de fantas\u00eda con acabado en pico con cubrecosturas reforzado en el interior. Hombro con adorno de ribete en contraste. Manga corta con apertura acabada en vivo y con ribete de adorno en contraste. Pantal\u00f3n corto con cintura el\u00e1stica con ajuste de cord\u00f3n en su interior y pespunte de seguridad.<\/p>","protected":false},"excerpt":{"rendered":"<p>Conjunto deportivo de camiseta y pantal\u00f3n. Camiseta con doble cuello de fantas\u00eda con acabado en pico con cubrecosturas reforzado en el interior. Hombro con adorno de ribete en contraste. Manga corta con apertura acabada en vivo y con ribete de adorno en contraste. Pantal\u00f3n corto con cintura el\u00e1stica con ajuste de cord\u00f3n en su interior y pespunte de seguridad.<\/p>","protected":false},"featured_media":203171,"comment_status":"open","ping_status":"closed","template":"","meta":{"_acf_changed":false},"product_brand":[14011],"product_cat":[13941,13940,13939],"product_tag":[],"class_list":{"0":"post-203170","1":"product","2":"type-product","3":"status-publish","4":"has-post-thumbnail","6":"product_brand-roly","7":"product_cat-rd-chandal","8":"product_cat-rd-conjuntos-deportivos","9":"product_cat-deportivo","10":"tm-no-options","12":"first","13":"instock","14":"taxable","15":"shipping-taxable","16":"product-type-variable"},"acf":[],"_links":{"self":[{"href":"https:\/\/grupotextil.es\/ca\/wp-json\/wp\/v2\/product\/203170","targetHints":{"allow":["GET"]}}],"collection":[{"href":"https:\/\/grupotextil.es\/ca\/wp-json\/wp\/v2\/product"}],"about":[{"href":"https:\/\/grupotextil.es\/ca\/wp-json\/wp\/v2\/types\/product"}],"replies":[{"embeddable":true,"href":"https:\/\/grupotextil.es\/ca\/wp-json\/wp\/v2\/comments?post=203170"}],"wp:featuredmedia":[{"embeddable":true,"href":"https:\/\/grupotextil.es\/ca\/wp-json\/wp\/v2\/media\/203171"}],"wp:attachment":[{"href":"https:\/\/grupotextil.es\/ca\/wp-json\/wp\/v2\/media?parent=203170"}],"wp:term":[{"taxonomy":"product_brand","embeddable":true,"href":"https:\/\/grupotextil.es\/ca\/wp-json\/wp\/v2\/product_brand?post=203170"},{"taxonomy":"product_cat","embeddable":true,"href":"https:\/\/grupotextil.es\/ca\/wp-json\/wp\/v2\/product_cat?post=203170"},{"taxonomy":"product_tag","embeddable":true,"href":"https:\/\/grupotextil.es\/ca\/wp-json\/wp\/v2\/product_tag?post=203170"}],"curies":[{"name":"wp","href":"https:\/\/api.w.org\/{rel}","templated":true}]}}