{"id":203865,"date":"2026-03-04T00:33:49","date_gmt":"2026-03-03T23:33:49","guid":{"rendered":"https:\/\/grupotextil.es\/producto\/pantalon-deportivo-roly-new-astun-1173-nino\/"},"modified":"2026-03-10T01:58:33","modified_gmt":"2026-03-10T00:58:33","slug":"pantalon-deportivo-roly-new-astun-1173-nino","status":"publish","type":"product","link":"https:\/\/grupotextil.es\/ca\/product\/pantalon-deportivo-roly-new-astun-1173-nino\/","title":{"rendered":"Pantal\u00f3n Deportivo Roly New Astun 1173 Ni\u00f1o"},"content":{"rendered":"<p>Pantal\u00f3n largo para ni\u00f1os de corte recto con dos bolsillos laterales y cinturilla el\u00e1stica con cord\u00f3n ajustable.<\/p>","protected":false},"excerpt":{"rendered":"<p>Pantal\u00f3n largo para ni\u00f1os de corte recto con dos bolsillos laterales y cinturilla el\u00e1stica con cord\u00f3n ajustable.<\/p>","protected":false},"featured_media":203866,"comment_status":"open","ping_status":"closed","template":"","meta":{"_acf_changed":false},"product_brand":[14011],"product_cat":[13939,13976,13999,13973],"product_tag":[],"class_list":{"0":"post-203865","1":"product","2":"type-product","3":"status-publish","4":"has-post-thumbnail","6":"product_brand-roly","7":"product_cat-deportivo","8":"product_cat-ropa-nino","9":"product_cat-n-pantalones","10":"product_cat-ropa","11":"tm-no-options","13":"first","14":"instock","15":"taxable","16":"shipping-taxable","17":"product-type-variable"},"acf":[],"_links":{"self":[{"href":"https:\/\/grupotextil.es\/ca\/wp-json\/wp\/v2\/product\/203865","targetHints":{"allow":["GET"]}}],"collection":[{"href":"https:\/\/grupotextil.es\/ca\/wp-json\/wp\/v2\/product"}],"about":[{"href":"https:\/\/grupotextil.es\/ca\/wp-json\/wp\/v2\/types\/product"}],"replies":[{"embeddable":true,"href":"https:\/\/grupotextil.es\/ca\/wp-json\/wp\/v2\/comments?post=203865"}],"wp:featuredmedia":[{"embeddable":true,"href":"https:\/\/grupotextil.es\/ca\/wp-json\/wp\/v2\/media\/203866"}],"wp:attachment":[{"href":"https:\/\/grupotextil.es\/ca\/wp-json\/wp\/v2\/media?parent=203865"}],"wp:term":[{"taxonomy":"product_brand","embeddable":true,"href":"https:\/\/grupotextil.es\/ca\/wp-json\/wp\/v2\/product_brand?post=203865"},{"taxonomy":"product_cat","embeddable":true,"href":"https:\/\/grupotextil.es\/ca\/wp-json\/wp\/v2\/product_cat?post=203865"},{"taxonomy":"product_tag","embeddable":true,"href":"https:\/\/grupotextil.es\/ca\/wp-json\/wp\/v2\/product_tag?post=203865"}],"curies":[{"name":"wp","href":"https:\/\/api.w.org\/{rel}","templated":true}]}}