{"id":203882,"date":"2026-03-04T00:33:57","date_gmt":"2026-03-03T23:33:57","guid":{"rendered":"https:\/\/grupotextil.es\/producto\/pantalon-laboral-roly-ritz-9106-hombre\/"},"modified":"2026-03-04T06:14:14","modified_gmt":"2026-03-04T05:14:14","slug":"pantalon-laboral-roly-ritz-9106-hombre","status":"publish","type":"product","link":"https:\/\/grupotextil.es\/ca\/product\/pantalon-laboral-roly-ritz-9106-hombre\/","title":{"rendered":"Pantal\u00f3n Laboral Roly Ritz 9106 Hombre"},"content":{"rendered":"<p>Pantal\u00f3n largo de hombre con tejido resistente y confortable. Trabillas para cintur\u00f3n. Dos bolsillos laterales de corte oblicuo tipo \u201cchino\u201d. Dos bolsillos traseros de ojal con bot\u00f3n y costura de adorno. Pinzas traseras. Especial para hosteler\u00eda y \u00e1mbito laboral.<\/p>","protected":false},"excerpt":{"rendered":"<p>Pantal\u00f3n largo de hombre con tejido resistente y confortable. Trabillas para cintur\u00f3n. Dos bolsillos laterales de corte oblicuo tipo \u201cchino\u201d. Dos bolsillos traseros de ojal con bot\u00f3n y costura de adorno. Pinzas traseras. Especial para hosteler\u00eda y \u00e1mbito laboral.<\/p>","protected":false},"featured_media":203883,"comment_status":"open","ping_status":"closed","template":"","meta":{"_acf_changed":false},"product_brand":[14011],"product_cat":[13932,13930,13935],"product_tag":[],"class_list":{"0":"post-203882","1":"product","2":"type-product","3":"status-publish","4":"has-post-thumbnail","6":"product_brand-roly","7":"product_cat-hosteleria-horeca","8":"product_cat-laboral","9":"product_cat-pantalones-cocina","10":"tm-no-options","12":"first","13":"instock","14":"taxable","15":"shipping-taxable","16":"product-type-variable"},"acf":[],"_links":{"self":[{"href":"https:\/\/grupotextil.es\/ca\/wp-json\/wp\/v2\/product\/203882","targetHints":{"allow":["GET"]}}],"collection":[{"href":"https:\/\/grupotextil.es\/ca\/wp-json\/wp\/v2\/product"}],"about":[{"href":"https:\/\/grupotextil.es\/ca\/wp-json\/wp\/v2\/types\/product"}],"replies":[{"embeddable":true,"href":"https:\/\/grupotextil.es\/ca\/wp-json\/wp\/v2\/comments?post=203882"}],"wp:featuredmedia":[{"embeddable":true,"href":"https:\/\/grupotextil.es\/ca\/wp-json\/wp\/v2\/media\/203883"}],"wp:attachment":[{"href":"https:\/\/grupotextil.es\/ca\/wp-json\/wp\/v2\/media?parent=203882"}],"wp:term":[{"taxonomy":"product_brand","embeddable":true,"href":"https:\/\/grupotextil.es\/ca\/wp-json\/wp\/v2\/product_brand?post=203882"},{"taxonomy":"product_cat","embeddable":true,"href":"https:\/\/grupotextil.es\/ca\/wp-json\/wp\/v2\/product_cat?post=203882"},{"taxonomy":"product_tag","embeddable":true,"href":"https:\/\/grupotextil.es\/ca\/wp-json\/wp\/v2\/product_tag?post=203882"}],"curies":[{"name":"wp","href":"https:\/\/api.w.org\/{rel}","templated":true}]}}