{"id":203913,"date":"2026-03-04T00:34:13","date_gmt":"2026-03-03T23:34:13","guid":{"rendered":"https:\/\/grupotextil.es\/producto\/pantalon-laboral-roly-hilton-9107-mujer\/"},"modified":"2026-03-04T06:14:14","modified_gmt":"2026-03-04T05:14:14","slug":"pantalon-laboral-roly-hilton-9107-mujer","status":"publish","type":"product","link":"https:\/\/grupotextil.es\/ca\/product\/pantalon-laboral-roly-hilton-9107-mujer\/","title":{"rendered":"Pantal\u00f3n Laboral Roly Hilton 9107 Mujer"},"content":{"rendered":"<p>Pantal\u00f3n largo de mujer entallado con tejido resistente y confortable. Trabillas para cintur\u00f3n. Dos bolsillos laterales con bolsillo monedero. Dos bolsillos traseros con costura de adorno. Detalle de canes\u00fa estilo vaqueros. Especial para hosteler\u00eda y \u00e1mbito laboral.<\/p>","protected":false},"excerpt":{"rendered":"<p>Pantal\u00f3n largo de mujer entallado con tejido resistente y confortable. Trabillas para cintur\u00f3n. Dos bolsillos laterales con bolsillo monedero. Dos bolsillos traseros con costura de adorno. Detalle de canes\u00fa estilo vaqueros. Especial para hosteler\u00eda y \u00e1mbito laboral.<\/p>","protected":false},"featured_media":203914,"comment_status":"open","ping_status":"closed","template":"","meta":{"_acf_changed":false},"product_brand":[14011],"product_cat":[13932,13930,13935],"product_tag":[],"class_list":{"0":"post-203913","1":"product","2":"type-product","3":"status-publish","4":"has-post-thumbnail","6":"product_brand-roly","7":"product_cat-hosteleria-horeca","8":"product_cat-laboral","9":"product_cat-pantalones-cocina","10":"tm-no-options","12":"first","13":"instock","14":"taxable","15":"shipping-taxable","16":"product-type-variable"},"acf":[],"_links":{"self":[{"href":"https:\/\/grupotextil.es\/ca\/wp-json\/wp\/v2\/product\/203913","targetHints":{"allow":["GET"]}}],"collection":[{"href":"https:\/\/grupotextil.es\/ca\/wp-json\/wp\/v2\/product"}],"about":[{"href":"https:\/\/grupotextil.es\/ca\/wp-json\/wp\/v2\/types\/product"}],"replies":[{"embeddable":true,"href":"https:\/\/grupotextil.es\/ca\/wp-json\/wp\/v2\/comments?post=203913"}],"wp:featuredmedia":[{"embeddable":true,"href":"https:\/\/grupotextil.es\/ca\/wp-json\/wp\/v2\/media\/203914"}],"wp:attachment":[{"href":"https:\/\/grupotextil.es\/ca\/wp-json\/wp\/v2\/media?parent=203913"}],"wp:term":[{"taxonomy":"product_brand","embeddable":true,"href":"https:\/\/grupotextil.es\/ca\/wp-json\/wp\/v2\/product_brand?post=203913"},{"taxonomy":"product_cat","embeddable":true,"href":"https:\/\/grupotextil.es\/ca\/wp-json\/wp\/v2\/product_cat?post=203913"},{"taxonomy":"product_tag","embeddable":true,"href":"https:\/\/grupotextil.es\/ca\/wp-json\/wp\/v2\/product_tag?post=203913"}],"curies":[{"name":"wp","href":"https:\/\/api.w.org\/{rel}","templated":true}]}}