{"id":204373,"date":"2026-03-04T00:36:53","date_gmt":"2026-03-03T23:36:53","guid":{"rendered":"https:\/\/grupotextil.es\/producto\/sudadera-roly-fuji-1105-hombre\/"},"modified":"2026-03-04T06:14:16","modified_gmt":"2026-03-04T05:14:16","slug":"sudadera-roly-fuji-1105-hombre","status":"publish","type":"product","link":"https:\/\/grupotextil.es\/ca\/product\/sudadera-roly-fuji-1105-hombre\/","title":{"rendered":"Sudadera Roly Fuji 1105 Hombre"},"content":{"rendered":"<p>Sudadera de felpa no perchada con detalles en color fl\u00faor. Cremallera central con tirador en contraste color fl\u00faor. Capucha con forro interior en tejido de poli\u00e9ster microperforado en contraste color fl\u00faor, con cord\u00f3n y ojales met\u00e1licos en contraste color fl\u00faor. Manga larga con pu\u00f1o y cintura en punto canal\u00e9 1\u00d71. Dos bolsillos frontales con vivo ancho. Cubrecosturas reforzado en el interior del cuello.<\/p>","protected":false},"excerpt":{"rendered":"<p>Sudadera de felpa no perchada con detalles en color fl\u00faor. Cremallera central con tirador en contraste color fl\u00faor. Capucha con forro interior en tejido de poli\u00e9ster microperforado en contraste color fl\u00faor, con cord\u00f3n y ojales met\u00e1licos en contraste color fl\u00faor. Manga larga con pu\u00f1o y cintura en punto canal\u00e9 1\u00d71. Dos bolsillos frontales con vivo ancho. Cubrecosturas reforzado en el interior del cuello.<\/p>","protected":false},"featured_media":204374,"comment_status":"open","ping_status":"closed","template":"","meta":{"_acf_changed":false},"product_brand":[14011],"product_cat":[13939],"product_tag":[],"class_list":{"0":"post-204373","1":"product","2":"type-product","3":"status-publish","4":"has-post-thumbnail","6":"product_brand-roly","7":"product_cat-deportivo","8":"tm-no-options","10":"first","11":"instock","12":"taxable","13":"shipping-taxable","14":"product-type-variable"},"acf":[],"_links":{"self":[{"href":"https:\/\/grupotextil.es\/ca\/wp-json\/wp\/v2\/product\/204373","targetHints":{"allow":["GET"]}}],"collection":[{"href":"https:\/\/grupotextil.es\/ca\/wp-json\/wp\/v2\/product"}],"about":[{"href":"https:\/\/grupotextil.es\/ca\/wp-json\/wp\/v2\/types\/product"}],"replies":[{"embeddable":true,"href":"https:\/\/grupotextil.es\/ca\/wp-json\/wp\/v2\/comments?post=204373"}],"wp:featuredmedia":[{"embeddable":true,"href":"https:\/\/grupotextil.es\/ca\/wp-json\/wp\/v2\/media\/204374"}],"wp:attachment":[{"href":"https:\/\/grupotextil.es\/ca\/wp-json\/wp\/v2\/media?parent=204373"}],"wp:term":[{"taxonomy":"product_brand","embeddable":true,"href":"https:\/\/grupotextil.es\/ca\/wp-json\/wp\/v2\/product_brand?post=204373"},{"taxonomy":"product_cat","embeddable":true,"href":"https:\/\/grupotextil.es\/ca\/wp-json\/wp\/v2\/product_cat?post=204373"},{"taxonomy":"product_tag","embeddable":true,"href":"https:\/\/grupotextil.es\/ca\/wp-json\/wp\/v2\/product_tag?post=204373"}],"curies":[{"name":"wp","href":"https:\/\/api.w.org\/{rel}","templated":true}]}}