{"id":204761,"date":"2026-03-04T00:39:46","date_gmt":"2026-03-03T23:39:46","guid":{"rendered":"https:\/\/grupotextil.es\/producto\/chaqueta-roly-antartida-6432-nino\/"},"modified":"2026-03-04T06:14:17","modified_gmt":"2026-03-04T05:14:17","slug":"chaqueta-roly-antartida-6432-nino","status":"publish","type":"product","link":"https:\/\/grupotextil.es\/ca\/product\/chaqueta-roly-antartida-6432-nino\/","title":{"rendered":"Chaqueta Roly Ant\u00e1rtida 6432 Ni\u00f1o"},"content":{"rendered":"<p>Softshell compuesto por 2 capas, con cremallera invertida efecto sellado, con protector de barbilla combinada y tirador. Corte en pecho (s\u00f3lo modelo masculino). Cuenta con tres bolsillos exteriores con cremallera combinada con tirador. Ajustadores en pu\u00f1os con velcro. Bajo con cord\u00f3n el\u00e1stico y topes.<\/p>","protected":false},"excerpt":{"rendered":"<p>Softshell compuesto por 2 capas, con cremallera invertida efecto sellado, con protector de barbilla combinada y tirador. Corte en pecho (s\u00f3lo modelo masculino). Cuenta con tres bolsillos exteriores con cremallera combinada con tirador. Ajustadores en pu\u00f1os con velcro. Bajo con cord\u00f3n el\u00e1stico y topes.<\/p>","protected":false},"featured_media":204762,"comment_status":"open","ping_status":"closed","template":"","meta":{"_acf_changed":false},"product_brand":[14011],"product_cat":[13998,14005,13939,13976,13973],"product_tag":[],"class_list":{"0":"post-204761","1":"product","2":"type-product","3":"status-publish","4":"has-post-thumbnail","6":"product_brand-roly","7":"product_cat-n-chaquetas","8":"product_cat-rd-cortavientos","9":"product_cat-deportivo","10":"product_cat-ropa-nino","11":"product_cat-ropa","12":"tm-no-options","14":"first","15":"instock","16":"taxable","17":"shipping-taxable","18":"product-type-variable"},"acf":[],"_links":{"self":[{"href":"https:\/\/grupotextil.es\/ca\/wp-json\/wp\/v2\/product\/204761","targetHints":{"allow":["GET"]}}],"collection":[{"href":"https:\/\/grupotextil.es\/ca\/wp-json\/wp\/v2\/product"}],"about":[{"href":"https:\/\/grupotextil.es\/ca\/wp-json\/wp\/v2\/types\/product"}],"replies":[{"embeddable":true,"href":"https:\/\/grupotextil.es\/ca\/wp-json\/wp\/v2\/comments?post=204761"}],"wp:featuredmedia":[{"embeddable":true,"href":"https:\/\/grupotextil.es\/ca\/wp-json\/wp\/v2\/media\/204762"}],"wp:attachment":[{"href":"https:\/\/grupotextil.es\/ca\/wp-json\/wp\/v2\/media?parent=204761"}],"wp:term":[{"taxonomy":"product_brand","embeddable":true,"href":"https:\/\/grupotextil.es\/ca\/wp-json\/wp\/v2\/product_brand?post=204761"},{"taxonomy":"product_cat","embeddable":true,"href":"https:\/\/grupotextil.es\/ca\/wp-json\/wp\/v2\/product_cat?post=204761"},{"taxonomy":"product_tag","embeddable":true,"href":"https:\/\/grupotextil.es\/ca\/wp-json\/wp\/v2\/product_tag?post=204761"}],"curies":[{"name":"wp","href":"https:\/\/api.w.org\/{rel}","templated":true}]}}