{"id":205378,"date":"2026-03-04T00:46:27","date_gmt":"2026-03-03T23:46:27","guid":{"rendered":"https:\/\/grupotextil.es\/producto\/malla-deportiva-roly-leire-0405-mujer\/"},"modified":"2026-03-10T01:59:11","modified_gmt":"2026-03-10T00:59:11","slug":"malla-deportiva-roly-leire-0405-mujer","status":"publish","type":"product","link":"https:\/\/grupotextil.es\/ca\/product\/malla-deportiva-roly-leire-0405-mujer\/","title":{"rendered":"Malla Deportiva Roly Leire 0405 Mujer"},"content":{"rendered":"<p>Leggings. Malla larga con cinturilla el\u00e1stica y costuras laterales. Dise\u00f1o anat\u00f3mico. Textura extra suave.<\/p>","protected":false},"excerpt":{"rendered":"<p>Leggings. Malla larga con cinturilla el\u00e1stica y costuras laterales. Dise\u00f1o anat\u00f3mico. Textura extra suave.<\/p>","protected":false},"featured_media":205379,"comment_status":"open","ping_status":"closed","template":"","meta":{"_acf_changed":false},"product_brand":[14011],"product_cat":[13939,13968],"product_tag":[],"class_list":{"0":"post-205378","1":"product","2":"type-product","3":"status-publish","4":"has-post-thumbnail","6":"product_brand-roly","7":"product_cat-deportivo","8":"product_cat-rd-mallas-y-leggings","9":"tm-no-options","11":"first","12":"instock","13":"taxable","14":"shipping-taxable","15":"product-type-variable"},"acf":[],"_links":{"self":[{"href":"https:\/\/grupotextil.es\/ca\/wp-json\/wp\/v2\/product\/205378","targetHints":{"allow":["GET"]}}],"collection":[{"href":"https:\/\/grupotextil.es\/ca\/wp-json\/wp\/v2\/product"}],"about":[{"href":"https:\/\/grupotextil.es\/ca\/wp-json\/wp\/v2\/types\/product"}],"replies":[{"embeddable":true,"href":"https:\/\/grupotextil.es\/ca\/wp-json\/wp\/v2\/comments?post=205378"}],"wp:featuredmedia":[{"embeddable":true,"href":"https:\/\/grupotextil.es\/ca\/wp-json\/wp\/v2\/media\/205379"}],"wp:attachment":[{"href":"https:\/\/grupotextil.es\/ca\/wp-json\/wp\/v2\/media?parent=205378"}],"wp:term":[{"taxonomy":"product_brand","embeddable":true,"href":"https:\/\/grupotextil.es\/ca\/wp-json\/wp\/v2\/product_brand?post=205378"},{"taxonomy":"product_cat","embeddable":true,"href":"https:\/\/grupotextil.es\/ca\/wp-json\/wp\/v2\/product_cat?post=205378"},{"taxonomy":"product_tag","embeddable":true,"href":"https:\/\/grupotextil.es\/ca\/wp-json\/wp\/v2\/product_tag?post=205378"}],"curies":[{"name":"wp","href":"https:\/\/api.w.org\/{rel}","templated":true}]}}