{"id":206387,"date":"2026-03-04T00:53:48","date_gmt":"2026-03-03T23:53:48","guid":{"rendered":"https:\/\/grupotextil.es\/producto\/chaqueta-deportiva-roly-gladius-0435-hombre\/"},"modified":"2026-03-10T01:58:27","modified_gmt":"2026-03-10T00:58:27","slug":"chaqueta-deportiva-roly-gladius-0435-hombre","status":"publish","type":"product","link":"https:\/\/grupotextil.es\/ca\/product\/chaqueta-deportiva-roly-gladius-0435-hombre\/","title":{"rendered":"Chaqueta Deportiva Roly Gladius 0435 Hombre"},"content":{"rendered":"<p>Chaqueta deportiva manga rangl\u00e1n. Cremallera frontal. Dos bolsillos laterales con cremallera. Rib 1\u00d71 en cuello, pu\u00f1os y bajo. Cubrecosturas a contraste. Mangas a contraste de color con bandas a lo largo de la manga. Opciones de color para combinar con pantal\u00f3n URUS.<\/p>","protected":false},"excerpt":{"rendered":"<p>Chaqueta deportiva manga rangl\u00e1n. Cremallera frontal. Dos bolsillos laterales con cremallera. Rib 1\u00d71 en cuello, pu\u00f1os y bajo. Cubrecosturas a contraste. Mangas a contraste de color con bandas a lo largo de la manga. Opciones de color para combinar con pantal\u00f3n URUS.<\/p>","protected":false},"featured_media":206388,"comment_status":"open","ping_status":"closed","template":"","meta":{"_acf_changed":false},"product_brand":[14011],"product_cat":[13981,14005,13939,13974,13973],"product_tag":[],"class_list":{"0":"post-206387","1":"product","2":"type-product","3":"status-publish","4":"has-post-thumbnail","6":"product_brand-roly","7":"product_cat-h-chaquetas-y-abrigos","8":"product_cat-rd-cortavientos","9":"product_cat-deportivo","10":"product_cat-ropa-hombre","11":"product_cat-ropa","12":"tm-no-options","14":"first","15":"instock","16":"taxable","17":"shipping-taxable","18":"product-type-variable"},"acf":[],"_links":{"self":[{"href":"https:\/\/grupotextil.es\/ca\/wp-json\/wp\/v2\/product\/206387","targetHints":{"allow":["GET"]}}],"collection":[{"href":"https:\/\/grupotextil.es\/ca\/wp-json\/wp\/v2\/product"}],"about":[{"href":"https:\/\/grupotextil.es\/ca\/wp-json\/wp\/v2\/types\/product"}],"replies":[{"embeddable":true,"href":"https:\/\/grupotextil.es\/ca\/wp-json\/wp\/v2\/comments?post=206387"}],"wp:featuredmedia":[{"embeddable":true,"href":"https:\/\/grupotextil.es\/ca\/wp-json\/wp\/v2\/media\/206388"}],"wp:attachment":[{"href":"https:\/\/grupotextil.es\/ca\/wp-json\/wp\/v2\/media?parent=206387"}],"wp:term":[{"taxonomy":"product_brand","embeddable":true,"href":"https:\/\/grupotextil.es\/ca\/wp-json\/wp\/v2\/product_brand?post=206387"},{"taxonomy":"product_cat","embeddable":true,"href":"https:\/\/grupotextil.es\/ca\/wp-json\/wp\/v2\/product_cat?post=206387"},{"taxonomy":"product_tag","embeddable":true,"href":"https:\/\/grupotextil.es\/ca\/wp-json\/wp\/v2\/product_tag?post=206387"}],"curies":[{"name":"wp","href":"https:\/\/api.w.org\/{rel}","templated":true}]}}