{"id":206659,"date":"2026-03-04T00:57:20","date_gmt":"2026-03-03T23:57:20","guid":{"rendered":"https:\/\/grupotextil.es\/producto\/bolso-multifuncion-de-algodon-reciclado-stamina-mondelo-7616\/"},"modified":"2026-03-04T06:14:24","modified_gmt":"2026-03-04T05:14:24","slug":"bolso-multifuncion-de-algodon-reciclado-stamina-mondelo-7616","status":"publish","type":"product","link":"https:\/\/grupotextil.es\/ca\/product\/bolso-multifuncion-de-algodon-reciclado-stamina-mondelo-7616\/","title":{"rendered":"Bolso Multifunci\u00f3n de Algod\u00f3n Reciclado Stamina Mondelo 7616"},"content":{"rendered":"<p><strong>ESTOS COLORES SE DESCATALOGAR\u00c1N EN 2025<\/strong> \u2013 Bolsa multifunci\u00f3n realizado en algod\u00f3n reciclado de 320 g\/m\u00b2 en acabado jaspeado. Cuenta con un compartimento principal con cierre de cremallera. Incluye c\u00f3moda cinta bandolera ajustable y dos asas de mano para mayor confort y versatilidad en el transporte.<\/p>","protected":false},"excerpt":{"rendered":"<p><strong>ESTOS COLORES SE DESCATALOGAR\u00c1N EN 2025<\/strong> \u2013 Bolsa multifunci\u00f3n realizado en algod\u00f3n reciclado de 320 g\/m\u00b2 en acabado jaspeado. Cuenta con un compartimento principal con cierre de cremallera. Incluye c\u00f3moda cinta bandolera ajustable y dos asas de mano para mayor confort y versatilidad en el transporte.<\/p>","protected":false},"featured_media":206660,"comment_status":"open","ping_status":"closed","template":"","meta":{"_acf_changed":false},"product_brand":[14012],"product_cat":[13954],"product_tag":[],"class_list":{"0":"post-206659","1":"product","2":"type-product","3":"status-publish","4":"has-post-thumbnail","6":"product_brand-stamina","7":"product_cat-acc-bolsas-y-mochilas","8":"tm-no-options","10":"first","11":"instock","12":"taxable","13":"shipping-taxable","14":"product-type-variable"},"acf":[],"_links":{"self":[{"href":"https:\/\/grupotextil.es\/ca\/wp-json\/wp\/v2\/product\/206659","targetHints":{"allow":["GET"]}}],"collection":[{"href":"https:\/\/grupotextil.es\/ca\/wp-json\/wp\/v2\/product"}],"about":[{"href":"https:\/\/grupotextil.es\/ca\/wp-json\/wp\/v2\/types\/product"}],"replies":[{"embeddable":true,"href":"https:\/\/grupotextil.es\/ca\/wp-json\/wp\/v2\/comments?post=206659"}],"wp:featuredmedia":[{"embeddable":true,"href":"https:\/\/grupotextil.es\/ca\/wp-json\/wp\/v2\/media\/206660"}],"wp:attachment":[{"href":"https:\/\/grupotextil.es\/ca\/wp-json\/wp\/v2\/media?parent=206659"}],"wp:term":[{"taxonomy":"product_brand","embeddable":true,"href":"https:\/\/grupotextil.es\/ca\/wp-json\/wp\/v2\/product_brand?post=206659"},{"taxonomy":"product_cat","embeddable":true,"href":"https:\/\/grupotextil.es\/ca\/wp-json\/wp\/v2\/product_cat?post=206659"},{"taxonomy":"product_tag","embeddable":true,"href":"https:\/\/grupotextil.es\/ca\/wp-json\/wp\/v2\/product_tag?post=206659"}],"curies":[{"name":"wp","href":"https:\/\/api.w.org\/{rel}","templated":true}]}}