{"id":206669,"date":"2026-03-04T00:57:34","date_gmt":"2026-03-03T23:57:34","guid":{"rendered":"https:\/\/grupotextil.es\/producto\/auriculares-inalambricos-abs-reciclado-y-corcho-natural-stamina-folk-3045\/"},"modified":"2026-03-04T06:14:24","modified_gmt":"2026-03-04T05:14:24","slug":"auriculares-inalambricos-abs-reciclado-y-corcho-natural-stamina-folk-3045","status":"publish","type":"product","link":"https:\/\/grupotextil.es\/ca\/product\/auriculares-inalambricos-abs-reciclado-y-corcho-natural-stamina-folk-3045\/","title":{"rendered":"Auriculares Inal\u00e1mbricos ABS Reciclado y Corcho Natural Stamina Folk 3045"},"content":{"rendered":"<p>Auriculares inal\u00e1mbricos con cuerpo elaborado en ABS reciclado y recubrimiento de corcho natural. Cuenta con funci\u00f3n de manos libres con bot\u00f3n multifunci\u00f3n t\u00e1ctil en el lateral de los auriculares para control de llamadas y funci\u00f3n de asistente de voz mediante control multifunci\u00f3n. Reproducci\u00f3n de audio mediante conexi\u00f3n Bluetooth, control de pistas y volumen mediante bot\u00f3n t\u00e1ctil lateral del auricular.<\/p>","protected":false},"excerpt":{"rendered":"<p>Auriculares inal\u00e1mbricos con cuerpo elaborado en ABS reciclado y recubrimiento de corcho natural. Cuenta con funci\u00f3n de manos libres con bot\u00f3n multifunci\u00f3n t\u00e1ctil en el lateral de los auriculares para control de llamadas y funci\u00f3n de asistente de voz mediante control multifunci\u00f3n. Reproducci\u00f3n de audio mediante conexi\u00f3n Bluetooth, control de pistas y volumen mediante bot\u00f3n t\u00e1ctil lateral del auricular.<\/p>","protected":false},"featured_media":206670,"comment_status":"open","ping_status":"closed","template":"","meta":{"_acf_changed":false},"product_brand":[14012],"product_cat":[14006,13959],"product_tag":[],"class_list":{"0":"post-206669","1":"product","2":"type-product","3":"status-publish","4":"has-post-thumbnail","6":"product_brand-stamina","7":"product_cat-acc-merchandising","8":"product_cat-mr-tecnologia","9":"tm-no-options","11":"first","12":"instock","13":"taxable","14":"shipping-taxable","15":"product-type-variable"},"acf":[],"_links":{"self":[{"href":"https:\/\/grupotextil.es\/ca\/wp-json\/wp\/v2\/product\/206669","targetHints":{"allow":["GET"]}}],"collection":[{"href":"https:\/\/grupotextil.es\/ca\/wp-json\/wp\/v2\/product"}],"about":[{"href":"https:\/\/grupotextil.es\/ca\/wp-json\/wp\/v2\/types\/product"}],"replies":[{"embeddable":true,"href":"https:\/\/grupotextil.es\/ca\/wp-json\/wp\/v2\/comments?post=206669"}],"wp:featuredmedia":[{"embeddable":true,"href":"https:\/\/grupotextil.es\/ca\/wp-json\/wp\/v2\/media\/206670"}],"wp:attachment":[{"href":"https:\/\/grupotextil.es\/ca\/wp-json\/wp\/v2\/media?parent=206669"}],"wp:term":[{"taxonomy":"product_brand","embeddable":true,"href":"https:\/\/grupotextil.es\/ca\/wp-json\/wp\/v2\/product_brand?post=206669"},{"taxonomy":"product_cat","embeddable":true,"href":"https:\/\/grupotextil.es\/ca\/wp-json\/wp\/v2\/product_cat?post=206669"},{"taxonomy":"product_tag","embeddable":true,"href":"https:\/\/grupotextil.es\/ca\/wp-json\/wp\/v2\/product_tag?post=206669"}],"curies":[{"name":"wp","href":"https:\/\/api.w.org\/{rel}","templated":true}]}}