{"id":206695,"date":"2026-03-04T00:58:04","date_gmt":"2026-03-03T23:58:04","guid":{"rendered":"https:\/\/grupotextil.es\/producto\/carpeta-de-carton-reciclado-con-bloc-de-notas-y-boligrafo-stamina-yasper-7980\/"},"modified":"2026-03-04T06:14:24","modified_gmt":"2026-03-04T05:14:24","slug":"carpeta-de-carton-reciclado-con-bloc-de-notas-y-boligrafo-stamina-yasper-7980","status":"publish","type":"product","link":"https:\/\/grupotextil.es\/ca\/product\/carpeta-de-carton-reciclado-con-bloc-de-notas-y-boligrafo-stamina-yasper-7980\/","title":{"rendered":"Carpeta de Cart\u00f3n Reciclado Con Bloc de Notas y Bol\u00edgrafo Stamina Yasper 7980"},"content":{"rendered":"<p>Carpeta de cart\u00f3n reciclado. Incluye bloc extra\u00edble de 20 hojas lisas, bol\u00edgrafo a juego con fibra de trigo, solapa y tarjetero. Una carpeta concienciada con el medio ambiente.<\/p>","protected":false},"excerpt":{"rendered":"<p>Carpeta de cart\u00f3n reciclado. Incluye bloc extra\u00edble de 20 hojas lisas, bol\u00edgrafo a juego con fibra de trigo, solapa y tarjetero. Una carpeta concienciada con el medio ambiente.<\/p>","protected":false},"featured_media":206696,"comment_status":"open","ping_status":"closed","template":"","meta":{"_acf_changed":false},"product_brand":[14012],"product_cat":[14006,13972],"product_tag":[],"class_list":{"0":"post-206695","1":"product","2":"type-product","3":"status-publish","4":"has-post-thumbnail","6":"product_brand-stamina","7":"product_cat-acc-merchandising","8":"product_cat-oficina-y-escritura","9":"tm-no-options","11":"first","12":"instock","13":"taxable","14":"shipping-taxable","15":"product-type-variable"},"acf":[],"_links":{"self":[{"href":"https:\/\/grupotextil.es\/ca\/wp-json\/wp\/v2\/product\/206695","targetHints":{"allow":["GET"]}}],"collection":[{"href":"https:\/\/grupotextil.es\/ca\/wp-json\/wp\/v2\/product"}],"about":[{"href":"https:\/\/grupotextil.es\/ca\/wp-json\/wp\/v2\/types\/product"}],"replies":[{"embeddable":true,"href":"https:\/\/grupotextil.es\/ca\/wp-json\/wp\/v2\/comments?post=206695"}],"wp:featuredmedia":[{"embeddable":true,"href":"https:\/\/grupotextil.es\/ca\/wp-json\/wp\/v2\/media\/206696"}],"wp:attachment":[{"href":"https:\/\/grupotextil.es\/ca\/wp-json\/wp\/v2\/media?parent=206695"}],"wp:term":[{"taxonomy":"product_brand","embeddable":true,"href":"https:\/\/grupotextil.es\/ca\/wp-json\/wp\/v2\/product_brand?post=206695"},{"taxonomy":"product_cat","embeddable":true,"href":"https:\/\/grupotextil.es\/ca\/wp-json\/wp\/v2\/product_cat?post=206695"},{"taxonomy":"product_tag","embeddable":true,"href":"https:\/\/grupotextil.es\/ca\/wp-json\/wp\/v2\/product_tag?post=206695"}],"curies":[{"name":"wp","href":"https:\/\/api.w.org\/{rel}","templated":true}]}}