{"id":206701,"date":"2026-03-04T00:58:11","date_gmt":"2026-03-03T23:58:11","guid":{"rendered":"https:\/\/grupotextil.es\/producto\/soporte-para-movil-plegable-stamina-kunir-3056\/"},"modified":"2026-03-04T06:14:24","modified_gmt":"2026-03-04T05:14:24","slug":"soporte-para-movil-plegable-stamina-kunir-3056","status":"publish","type":"product","link":"https:\/\/grupotextil.es\/ca\/product\/soporte-para-movil-plegable-stamina-kunir-3056\/","title":{"rendered":"Soporte para M\u00f3vil Plegable Stamina Kunir 3056"},"content":{"rendered":"<p>Soporte para m\u00f3vil plegable con topes antideslizantes. Ideal soporte para ver series, pel\u00edculas o deporte en cualquier sitio.<\/p>","protected":false},"excerpt":{"rendered":"<p>Soporte para m\u00f3vil plegable con topes antideslizantes. Ideal soporte para ver series, pel\u00edculas o deporte en cualquier sitio.<\/p>","protected":false},"featured_media":206702,"comment_status":"open","ping_status":"closed","template":"","meta":{"_acf_changed":false},"product_brand":[14012],"product_cat":[13948,14006,13959],"product_tag":[],"class_list":{"0":"post-206701","1":"product","2":"type-product","3":"status-publish","4":"has-post-thumbnail","6":"product_brand-stamina","7":"product_cat-accesorios","8":"product_cat-acc-merchandising","9":"product_cat-mr-tecnologia","10":"tm-no-options","12":"first","13":"instock","14":"taxable","15":"shipping-taxable","16":"product-type-variable"},"acf":[],"_links":{"self":[{"href":"https:\/\/grupotextil.es\/ca\/wp-json\/wp\/v2\/product\/206701","targetHints":{"allow":["GET"]}}],"collection":[{"href":"https:\/\/grupotextil.es\/ca\/wp-json\/wp\/v2\/product"}],"about":[{"href":"https:\/\/grupotextil.es\/ca\/wp-json\/wp\/v2\/types\/product"}],"replies":[{"embeddable":true,"href":"https:\/\/grupotextil.es\/ca\/wp-json\/wp\/v2\/comments?post=206701"}],"wp:featuredmedia":[{"embeddable":true,"href":"https:\/\/grupotextil.es\/ca\/wp-json\/wp\/v2\/media\/206702"}],"wp:attachment":[{"href":"https:\/\/grupotextil.es\/ca\/wp-json\/wp\/v2\/media?parent=206701"}],"wp:term":[{"taxonomy":"product_brand","embeddable":true,"href":"https:\/\/grupotextil.es\/ca\/wp-json\/wp\/v2\/product_brand?post=206701"},{"taxonomy":"product_cat","embeddable":true,"href":"https:\/\/grupotextil.es\/ca\/wp-json\/wp\/v2\/product_cat?post=206701"},{"taxonomy":"product_tag","embeddable":true,"href":"https:\/\/grupotextil.es\/ca\/wp-json\/wp\/v2\/product_tag?post=206701"}],"curies":[{"name":"wp","href":"https:\/\/api.w.org\/{rel}","templated":true}]}}