{"id":206722,"date":"2026-03-04T00:58:37","date_gmt":"2026-03-03T23:58:37","guid":{"rendered":"https:\/\/grupotextil.es\/producto\/outlet-sudadera-roly-arlas-1122-mujer\/"},"modified":"2026-03-04T06:14:24","modified_gmt":"2026-03-04T05:14:24","slug":"outlet-sudadera-roly-arlas-1122-mujer","status":"publish","type":"product","link":"https:\/\/grupotextil.es\/ca\/product\/outlet-sudadera-roly-arlas-1122-mujer\/","title":{"rendered":"*OUTLET* Sudadera Roly Arlas 1122 Mujer"},"content":{"rendered":"<p><strong>PRODUCTO QUE SE DESCATALOGAR\u00c1 CUANDO SE AGOTEN LAS EXISTENCIAS \u2013<\/strong> Sudadera t\u00e9cnica de manga larga rangl\u00e1n para mujer. Interior perchado. Cubrecosturas reforzado en cuello. Media cremallera invertida a tono. Ojales en los pu\u00f1os para el pulgar. Costuras overlock en manga rangl\u00e1n y paneles laterales. Logo Roly reflectante en panel lateral izquierdo.<\/p>","protected":false},"excerpt":{"rendered":"<p><strong>PRODUCTO QUE SE DESCATALOGAR\u00c1 CUANDO SE AGOTEN LAS EXISTENCIAS \u2013<\/strong> Sudadera t\u00e9cnica de manga larga rangl\u00e1n para mujer. Interior perchado. Cubrecosturas reforzado en cuello. Media cremallera invertida a tono. Ojales en los pu\u00f1os para el pulgar. Costuras overlock en manga rangl\u00e1n y paneles laterales. Logo Roly reflectante en panel lateral izquierdo.<\/p>","protected":false},"featured_media":206723,"comment_status":"open","ping_status":"closed","template":"","meta":{"_acf_changed":false},"product_brand":[14011],"product_cat":[13974,13975,13973],"product_tag":[],"class_list":{"0":"post-206722","1":"product","2":"type-product","3":"status-publish","4":"has-post-thumbnail","6":"product_brand-roly","7":"product_cat-ropa-hombre","8":"product_cat-ropa-mujer","9":"product_cat-ropa","10":"tm-no-options","12":"first","13":"instock","14":"taxable","15":"shipping-taxable","16":"product-type-variable"},"acf":[],"_links":{"self":[{"href":"https:\/\/grupotextil.es\/ca\/wp-json\/wp\/v2\/product\/206722","targetHints":{"allow":["GET"]}}],"collection":[{"href":"https:\/\/grupotextil.es\/ca\/wp-json\/wp\/v2\/product"}],"about":[{"href":"https:\/\/grupotextil.es\/ca\/wp-json\/wp\/v2\/types\/product"}],"replies":[{"embeddable":true,"href":"https:\/\/grupotextil.es\/ca\/wp-json\/wp\/v2\/comments?post=206722"}],"wp:featuredmedia":[{"embeddable":true,"href":"https:\/\/grupotextil.es\/ca\/wp-json\/wp\/v2\/media\/206723"}],"wp:attachment":[{"href":"https:\/\/grupotextil.es\/ca\/wp-json\/wp\/v2\/media?parent=206722"}],"wp:term":[{"taxonomy":"product_brand","embeddable":true,"href":"https:\/\/grupotextil.es\/ca\/wp-json\/wp\/v2\/product_brand?post=206722"},{"taxonomy":"product_cat","embeddable":true,"href":"https:\/\/grupotextil.es\/ca\/wp-json\/wp\/v2\/product_cat?post=206722"},{"taxonomy":"product_tag","embeddable":true,"href":"https:\/\/grupotextil.es\/ca\/wp-json\/wp\/v2\/product_tag?post=206722"}],"curies":[{"name":"wp","href":"https:\/\/api.w.org\/{rel}","templated":true}]}}