{"id":206805,"date":"2026-03-04T00:59:43","date_gmt":"2026-03-03T23:59:43","guid":{"rendered":"https:\/\/grupotextil.es\/producto\/outlet-chandal-roly-esparta-0338-nino\/"},"modified":"2026-03-04T06:14:25","modified_gmt":"2026-03-04T05:14:25","slug":"outlet-chandal-roly-esparta-0338-nino","status":"publish","type":"product","link":"https:\/\/grupotextil.es\/ca\/product\/outlet-chandal-roly-esparta-0338-nino\/","title":{"rendered":"*OUTLET* Ch\u00e1ndal Roly Esparta 0338 Ni\u00f1o"},"content":{"rendered":"<p><strong>PRODUCTO QUE SE DESCATALOGAR\u00c1 CUANDO SE AGOTEN LAS EXISTENCIAS \u2013 <\/strong>Ch\u00e1ndal combinado de chaqueta y pantal\u00f3n. Cuello alto con protector de cremallera. Bolsillos frontales con vivo en contraste. Pu\u00f1os y cintura en contraste en canal\u00e9 1\u00d71. Cremallera central con cubrecosturas interior. Pantal\u00f3n con cinturilla el\u00e1stica y cord\u00f3n ajustable con pespunte de seguridad y dos bolsillos laterales con vivo ancho. Tejido interior aterciopelado muy confortable. Cremallera en el bajo del pantal\u00f3n.<\/p>","protected":false},"excerpt":{"rendered":"<p><strong>PRODUCTO QUE SE DESCATALOGAR\u00c1 CUANDO SE AGOTEN LAS EXISTENCIAS \u2013 <\/strong>Ch\u00e1ndal combinado de chaqueta y pantal\u00f3n. Cuello alto con protector de cremallera. Bolsillos frontales con vivo en contraste. Pu\u00f1os y cintura en contraste en canal\u00e9 1\u00d71. Cremallera central con cubrecosturas interior. Pantal\u00f3n con cinturilla el\u00e1stica y cord\u00f3n ajustable con pespunte de seguridad y dos bolsillos laterales con vivo ancho. Tejido interior aterciopelado muy confortable. Cremallera en el bajo del pantal\u00f3n.<\/p>","protected":false},"featured_media":206806,"comment_status":"open","ping_status":"closed","template":"","meta":{"_acf_changed":false},"product_brand":[14011],"product_cat":[13976,13973],"product_tag":[],"class_list":{"0":"post-206805","1":"product","2":"type-product","3":"status-publish","4":"has-post-thumbnail","6":"product_brand-roly","7":"product_cat-ropa-nino","8":"product_cat-ropa","9":"tm-no-options","11":"first","12":"instock","13":"taxable","14":"shipping-taxable","15":"product-type-variable"},"acf":[],"_links":{"self":[{"href":"https:\/\/grupotextil.es\/ca\/wp-json\/wp\/v2\/product\/206805","targetHints":{"allow":["GET"]}}],"collection":[{"href":"https:\/\/grupotextil.es\/ca\/wp-json\/wp\/v2\/product"}],"about":[{"href":"https:\/\/grupotextil.es\/ca\/wp-json\/wp\/v2\/types\/product"}],"replies":[{"embeddable":true,"href":"https:\/\/grupotextil.es\/ca\/wp-json\/wp\/v2\/comments?post=206805"}],"wp:featuredmedia":[{"embeddable":true,"href":"https:\/\/grupotextil.es\/ca\/wp-json\/wp\/v2\/media\/206806"}],"wp:attachment":[{"href":"https:\/\/grupotextil.es\/ca\/wp-json\/wp\/v2\/media?parent=206805"}],"wp:term":[{"taxonomy":"product_brand","embeddable":true,"href":"https:\/\/grupotextil.es\/ca\/wp-json\/wp\/v2\/product_brand?post=206805"},{"taxonomy":"product_cat","embeddable":true,"href":"https:\/\/grupotextil.es\/ca\/wp-json\/wp\/v2\/product_cat?post=206805"},{"taxonomy":"product_tag","embeddable":true,"href":"https:\/\/grupotextil.es\/ca\/wp-json\/wp\/v2\/product_tag?post=206805"}],"curies":[{"name":"wp","href":"https:\/\/api.w.org\/{rel}","templated":true}]}}