{"id":206922,"date":"2026-03-04T01:00:51","date_gmt":"2026-03-04T00:00:51","guid":{"rendered":"https:\/\/grupotextil.es\/producto\/camiseta-roly-imola-woman-0428\/"},"modified":"2026-03-10T01:59:09","modified_gmt":"2026-03-10T00:59:09","slug":"camiseta-roly-imola-woman-0428","status":"publish","type":"product","link":"https:\/\/grupotextil.es\/ca\/product\/camiseta-roly-imola-woman-0428\/","title":{"rendered":"Camiseta Roly Imola Woman 0428"},"content":{"rendered":"<p>Camiseta t\u00e9cnica de manga ragl\u00e1n entallada con tejido de poli\u00e9ster Reciclado CONTROL DRY. Cuello redondo con cubre costuras a tono. Paneles inferiores en mangas. Remallado a tono en sisa y panel de manga. Etiqueta identificativa logo ECO en manga<\/p>","protected":false},"excerpt":{"rendered":"<p>Camiseta t\u00e9cnica de manga ragl\u00e1n entallada con tejido de poli\u00e9ster Reciclado CONTROL DRY. Cuello redondo con cubre costuras a tono. Paneles inferiores en mangas. Remallado a tono en sisa y panel de manga. Etiqueta identificativa logo ECO en manga<\/p>","protected":false},"featured_media":206923,"comment_status":"open","ping_status":"closed","template":"","meta":{"_acf_changed":false},"product_brand":[14011],"product_cat":[13986,13975,13973,14007,9841],"product_tag":[],"class_list":{"0":"post-206922","1":"product","2":"type-product","3":"status-publish","4":"has-post-thumbnail","6":"product_brand-roly","7":"product_cat-m-camisetas-manga-corta","8":"product_cat-ropa-mujer","9":"product_cat-ropa","10":"product_cat-ropa-organica","11":"product_cat-sostenible","12":"tm-no-options","14":"first","15":"instock","16":"taxable","17":"shipping-taxable","18":"product-type-variable"},"acf":[],"_links":{"self":[{"href":"https:\/\/grupotextil.es\/ca\/wp-json\/wp\/v2\/product\/206922","targetHints":{"allow":["GET"]}}],"collection":[{"href":"https:\/\/grupotextil.es\/ca\/wp-json\/wp\/v2\/product"}],"about":[{"href":"https:\/\/grupotextil.es\/ca\/wp-json\/wp\/v2\/types\/product"}],"replies":[{"embeddable":true,"href":"https:\/\/grupotextil.es\/ca\/wp-json\/wp\/v2\/comments?post=206922"}],"wp:featuredmedia":[{"embeddable":true,"href":"https:\/\/grupotextil.es\/ca\/wp-json\/wp\/v2\/media\/206923"}],"wp:attachment":[{"href":"https:\/\/grupotextil.es\/ca\/wp-json\/wp\/v2\/media?parent=206922"}],"wp:term":[{"taxonomy":"product_brand","embeddable":true,"href":"https:\/\/grupotextil.es\/ca\/wp-json\/wp\/v2\/product_brand?post=206922"},{"taxonomy":"product_cat","embeddable":true,"href":"https:\/\/grupotextil.es\/ca\/wp-json\/wp\/v2\/product_cat?post=206922"},{"taxonomy":"product_tag","embeddable":true,"href":"https:\/\/grupotextil.es\/ca\/wp-json\/wp\/v2\/product_tag?post=206922"}],"curies":[{"name":"wp","href":"https:\/\/api.w.org\/{rel}","templated":true}]}}