{"id":207279,"date":"2026-03-04T01:04:16","date_gmt":"2026-03-04T00:04:16","guid":{"rendered":"https:\/\/grupotextil.es\/producto\/almohadilla-de-viaje-stamina-destin-1863\/"},"modified":"2026-03-04T06:14:26","modified_gmt":"2026-03-04T05:14:26","slug":"almohadilla-de-viaje-stamina-destin-1863","status":"publish","type":"product","link":"https:\/\/grupotextil.es\/ca\/product\/almohadilla-de-viaje-stamina-destin-1863\/","title":{"rendered":"Almohadilla de Viaje Stamina Destin 1863"},"content":{"rendered":"<p>Almohada para viaje elaborada en poli\u00e9ster. Cuenta con memoria estructural que hace que recupere su forma despu\u00e9s de cada uso. Ofrece un ajuste anat\u00f3mico que permite adaptarse f\u00e1cilmente a la morfolog\u00eda de su quien lo usa y hacer as\u00ed m\u00e1s c\u00f3modos sus viajes. Cuenta con cord\u00f3n ajustable que se puede separar para hacer m\u00e1s f\u00e1cil el ajuste ergon\u00f3mico de la almohada.<\/p>","protected":false},"excerpt":{"rendered":"<p>Almohada para viaje elaborada en poli\u00e9ster. Cuenta con memoria estructural que hace que recupere su forma despu\u00e9s de cada uso. Ofrece un ajuste anat\u00f3mico que permite adaptarse f\u00e1cilmente a la morfolog\u00eda de su quien lo usa y hacer as\u00ed m\u00e1s c\u00f3modos sus viajes. Cuenta con cord\u00f3n ajustable que se puede separar para hacer m\u00e1s f\u00e1cil el ajuste ergon\u00f3mico de la almohada.<\/p>","protected":false},"featured_media":207280,"comment_status":"open","ping_status":"closed","template":"","meta":{"_acf_changed":false},"product_brand":[14012],"product_cat":[13948],"product_tag":[],"class_list":{"0":"post-207279","1":"product","2":"type-product","3":"status-publish","4":"has-post-thumbnail","6":"product_brand-stamina","7":"product_cat-accesorios","8":"tm-no-options","10":"first","11":"instock","12":"taxable","13":"shipping-taxable","14":"product-type-variable"},"acf":[],"_links":{"self":[{"href":"https:\/\/grupotextil.es\/ca\/wp-json\/wp\/v2\/product\/207279","targetHints":{"allow":["GET"]}}],"collection":[{"href":"https:\/\/grupotextil.es\/ca\/wp-json\/wp\/v2\/product"}],"about":[{"href":"https:\/\/grupotextil.es\/ca\/wp-json\/wp\/v2\/types\/product"}],"replies":[{"embeddable":true,"href":"https:\/\/grupotextil.es\/ca\/wp-json\/wp\/v2\/comments?post=207279"}],"wp:featuredmedia":[{"embeddable":true,"href":"https:\/\/grupotextil.es\/ca\/wp-json\/wp\/v2\/media\/207280"}],"wp:attachment":[{"href":"https:\/\/grupotextil.es\/ca\/wp-json\/wp\/v2\/media?parent=207279"}],"wp:term":[{"taxonomy":"product_brand","embeddable":true,"href":"https:\/\/grupotextil.es\/ca\/wp-json\/wp\/v2\/product_brand?post=207279"},{"taxonomy":"product_cat","embeddable":true,"href":"https:\/\/grupotextil.es\/ca\/wp-json\/wp\/v2\/product_cat?post=207279"},{"taxonomy":"product_tag","embeddable":true,"href":"https:\/\/grupotextil.es\/ca\/wp-json\/wp\/v2\/product_tag?post=207279"}],"curies":[{"name":"wp","href":"https:\/\/api.w.org\/{rel}","templated":true}]}}