{"id":207288,"date":"2026-03-04T01:04:42","date_gmt":"2026-03-04T00:04:42","guid":{"rendered":"https:\/\/grupotextil.es\/producto\/bidon-termico-stamina-colby-1696\/"},"modified":"2026-03-04T06:14:27","modified_gmt":"2026-03-04T05:14:27","slug":"bidon-termico-stamina-colby-1696","status":"publish","type":"product","link":"https:\/\/grupotextil.es\/ca\/product\/bidon-termico-stamina-colby-1696\/","title":{"rendered":"Bid\u00f3n T\u00e9rmico Stamina Colby 1696"},"content":{"rendered":"<p>Bid\u00f3n t\u00e9rmico con cuerpo elaborado en acero inoxidable 304 reciclado de doble pared. Capacidad 600 ml. Cuenta con tap\u00f3n a rosca en color a juego del cuerpo. Una opci\u00f3n perfecta para mantener las bebidas a su temperatura \u00f3ptima, con elegante y sofisticado dise\u00f1o, adem\u00e1s de un tacto suave.<\/p>","protected":false},"excerpt":{"rendered":"<p>Bid\u00f3n t\u00e9rmico con cuerpo elaborado en acero inoxidable 304 reciclado de doble pared. Capacidad 600 ml. Cuenta con tap\u00f3n a rosca en color a juego del cuerpo. Una opci\u00f3n perfecta para mantener las bebidas a su temperatura \u00f3ptima, con elegante y sofisticado dise\u00f1o, adem\u00e1s de un tacto suave.<\/p>","protected":false},"featured_media":207289,"comment_status":"open","ping_status":"closed","template":"","meta":{"_acf_changed":false},"product_brand":[14012],"product_cat":[13958,14006,13971],"product_tag":[],"class_list":{"0":"post-207288","1":"product","2":"type-product","3":"status-publish","4":"has-post-thumbnail","6":"product_brand-stamina","7":"product_cat-mr-botellas-y-termos","8":"product_cat-acc-merchandising","9":"product_cat-mr-tazas","10":"tm-no-options","12":"first","13":"instock","14":"taxable","15":"shipping-taxable","16":"product-type-variable"},"acf":[],"_links":{"self":[{"href":"https:\/\/grupotextil.es\/ca\/wp-json\/wp\/v2\/product\/207288","targetHints":{"allow":["GET"]}}],"collection":[{"href":"https:\/\/grupotextil.es\/ca\/wp-json\/wp\/v2\/product"}],"about":[{"href":"https:\/\/grupotextil.es\/ca\/wp-json\/wp\/v2\/types\/product"}],"replies":[{"embeddable":true,"href":"https:\/\/grupotextil.es\/ca\/wp-json\/wp\/v2\/comments?post=207288"}],"wp:featuredmedia":[{"embeddable":true,"href":"https:\/\/grupotextil.es\/ca\/wp-json\/wp\/v2\/media\/207289"}],"wp:attachment":[{"href":"https:\/\/grupotextil.es\/ca\/wp-json\/wp\/v2\/media?parent=207288"}],"wp:term":[{"taxonomy":"product_brand","embeddable":true,"href":"https:\/\/grupotextil.es\/ca\/wp-json\/wp\/v2\/product_brand?post=207288"},{"taxonomy":"product_cat","embeddable":true,"href":"https:\/\/grupotextil.es\/ca\/wp-json\/wp\/v2\/product_cat?post=207288"},{"taxonomy":"product_tag","embeddable":true,"href":"https:\/\/grupotextil.es\/ca\/wp-json\/wp\/v2\/product_tag?post=207288"}],"curies":[{"name":"wp","href":"https:\/\/api.w.org\/{rel}","templated":true}]}}