{"id":207332,"date":"2026-03-04T01:06:02","date_gmt":"2026-03-04T00:06:02","guid":{"rendered":"https:\/\/grupotextil.es\/producto\/bateria-portatil-magnetica-stamina-terium-1522\/"},"modified":"2026-03-04T06:14:27","modified_gmt":"2026-03-04T05:14:27","slug":"bateria-portatil-magnetica-stamina-terium-1522","status":"publish","type":"product","link":"https:\/\/grupotextil.es\/ca\/product\/bateria-portatil-magnetica-stamina-terium-1522\/","title":{"rendered":"Bater\u00eda Port\u00e1til Magn\u00e9tica Stamina Terium 1522"},"content":{"rendered":"<p>Bater\u00eda externa magn\u00e9tica de 5000 mAh, elaborada en de aluminio reciclado. Con funci\u00f3n de carga inal\u00e1mbrica para dispositivos provistos de esta tecnolog\u00eda. Salida corriente inal\u00e1mbrica de hasta 15W para Android y 7.5W para IOS. Cuenta con indicador luminoso de carga. Incluye cable tipo C y anillo magn\u00e9tico universal.<\/p>","protected":false},"excerpt":{"rendered":"<p>Bater\u00eda externa magn\u00e9tica de 5000 mAh, elaborada en de aluminio reciclado. Con funci\u00f3n de carga inal\u00e1mbrica para dispositivos provistos de esta tecnolog\u00eda. Salida corriente inal\u00e1mbrica de hasta 15W para Android y 7.5W para IOS. Cuenta con indicador luminoso de carga. Incluye cable tipo C y anillo magn\u00e9tico universal.<\/p>","protected":false},"featured_media":207333,"comment_status":"open","ping_status":"closed","template":"","meta":{"_acf_changed":false},"product_brand":[14012],"product_cat":[14006,13959],"product_tag":[],"class_list":{"0":"post-207332","1":"product","2":"type-product","3":"status-publish","4":"has-post-thumbnail","6":"product_brand-stamina","7":"product_cat-acc-merchandising","8":"product_cat-mr-tecnologia","9":"tm-no-options","11":"first","12":"instock","13":"taxable","14":"shipping-taxable","15":"product-type-variable"},"acf":[],"_links":{"self":[{"href":"https:\/\/grupotextil.es\/ca\/wp-json\/wp\/v2\/product\/207332","targetHints":{"allow":["GET"]}}],"collection":[{"href":"https:\/\/grupotextil.es\/ca\/wp-json\/wp\/v2\/product"}],"about":[{"href":"https:\/\/grupotextil.es\/ca\/wp-json\/wp\/v2\/types\/product"}],"replies":[{"embeddable":true,"href":"https:\/\/grupotextil.es\/ca\/wp-json\/wp\/v2\/comments?post=207332"}],"wp:featuredmedia":[{"embeddable":true,"href":"https:\/\/grupotextil.es\/ca\/wp-json\/wp\/v2\/media\/207333"}],"wp:attachment":[{"href":"https:\/\/grupotextil.es\/ca\/wp-json\/wp\/v2\/media?parent=207332"}],"wp:term":[{"taxonomy":"product_brand","embeddable":true,"href":"https:\/\/grupotextil.es\/ca\/wp-json\/wp\/v2\/product_brand?post=207332"},{"taxonomy":"product_cat","embeddable":true,"href":"https:\/\/grupotextil.es\/ca\/wp-json\/wp\/v2\/product_cat?post=207332"},{"taxonomy":"product_tag","embeddable":true,"href":"https:\/\/grupotextil.es\/ca\/wp-json\/wp\/v2\/product_tag?post=207332"}],"curies":[{"name":"wp","href":"https:\/\/api.w.org\/{rel}","templated":true}]}}