{"id":207389,"date":"2026-03-04T01:07:09","date_gmt":"2026-03-04T00:07:09","guid":{"rendered":"https:\/\/grupotextil.es\/producto\/boligrafo-roller-stamina-lomox-1572\/"},"modified":"2026-03-04T06:14:27","modified_gmt":"2026-03-04T05:14:27","slug":"boligrafo-roller-stamina-lomox-1572","status":"publish","type":"product","link":"https:\/\/grupotextil.es\/ca\/product\/boligrafo-roller-stamina-lomox-1572\/","title":{"rendered":"Bol\u00edgrafo Roller Stamina Lomox 1572"},"content":{"rendered":"<p>Bol\u00edgrafo roller con tapa elborado con cuerpo de pl\u00e1stico reciclado RPET. Tinta azul.<\/p>","protected":false},"excerpt":{"rendered":"<p>Bol\u00edgrafo roller con tapa elborado con cuerpo de pl\u00e1stico reciclado RPET. Tinta azul.<\/p>","protected":false},"featured_media":207390,"comment_status":"open","ping_status":"closed","template":"","meta":{"_acf_changed":false},"product_brand":[14012],"product_cat":[14006,13972],"product_tag":[],"class_list":{"0":"post-207389","1":"product","2":"type-product","3":"status-publish","4":"has-post-thumbnail","6":"product_brand-stamina","7":"product_cat-acc-merchandising","8":"product_cat-oficina-y-escritura","9":"tm-no-options","11":"first","12":"instock","13":"taxable","14":"shipping-taxable","15":"product-type-variable"},"acf":[],"_links":{"self":[{"href":"https:\/\/grupotextil.es\/ca\/wp-json\/wp\/v2\/product\/207389","targetHints":{"allow":["GET"]}}],"collection":[{"href":"https:\/\/grupotextil.es\/ca\/wp-json\/wp\/v2\/product"}],"about":[{"href":"https:\/\/grupotextil.es\/ca\/wp-json\/wp\/v2\/types\/product"}],"replies":[{"embeddable":true,"href":"https:\/\/grupotextil.es\/ca\/wp-json\/wp\/v2\/comments?post=207389"}],"wp:featuredmedia":[{"embeddable":true,"href":"https:\/\/grupotextil.es\/ca\/wp-json\/wp\/v2\/media\/207390"}],"wp:attachment":[{"href":"https:\/\/grupotextil.es\/ca\/wp-json\/wp\/v2\/media?parent=207389"}],"wp:term":[{"taxonomy":"product_brand","embeddable":true,"href":"https:\/\/grupotextil.es\/ca\/wp-json\/wp\/v2\/product_brand?post=207389"},{"taxonomy":"product_cat","embeddable":true,"href":"https:\/\/grupotextil.es\/ca\/wp-json\/wp\/v2\/product_cat?post=207389"},{"taxonomy":"product_tag","embeddable":true,"href":"https:\/\/grupotextil.es\/ca\/wp-json\/wp\/v2\/product_tag?post=207389"}],"curies":[{"name":"wp","href":"https:\/\/api.w.org\/{rel}","templated":true}]}}