{"id":207399,"date":"2026-03-04T01:07:20","date_gmt":"2026-03-04T00:07:20","guid":{"rendered":"https:\/\/grupotextil.es\/producto\/vaso-termico-stamina-clarke-1538\/"},"modified":"2026-03-04T06:14:27","modified_gmt":"2026-03-04T05:14:27","slug":"vaso-termico-stamina-clarke-1538","status":"publish","type":"product","link":"https:\/\/grupotextil.es\/ca\/product\/vaso-termico-stamina-clarke-1538\/","title":{"rendered":"Vaso T\u00e9rmico Stamina Clarke 1538"},"content":{"rendered":"<p>Vaso t\u00e9rmico de acero inoxidable 304, con capacidad de 500 ml, presenta un dise\u00f1o de doble pared y un elegante acabado mate. Su tap\u00f3n pulsador 360\u00ba permite beber c\u00f3modamente desde cualquier \u00e1ngulo, proporcionando practicidad en el uso diario. Ideal para mantener tus bebidas calientes o fr\u00edas durante m\u00e1s tiempo, este vaso combina funcionalidad y estilo, siendo perfecto para llevar en cualquier ocasi\u00f3n.<\/p>","protected":false},"excerpt":{"rendered":"<p>Vaso t\u00e9rmico de acero inoxidable 304, con capacidad de 500 ml, presenta un dise\u00f1o de doble pared y un elegante acabado mate. Su tap\u00f3n pulsador 360\u00ba permite beber c\u00f3modamente desde cualquier \u00e1ngulo, proporcionando practicidad en el uso diario. Ideal para mantener tus bebidas calientes o fr\u00edas durante m\u00e1s tiempo, este vaso combina funcionalidad y estilo, siendo perfecto para llevar en cualquier ocasi\u00f3n.<\/p>","protected":false},"featured_media":207400,"comment_status":"open","ping_status":"closed","template":"","meta":{"_acf_changed":false},"product_brand":[14012],"product_cat":[13958,14006,13971],"product_tag":[],"class_list":{"0":"post-207399","1":"product","2":"type-product","3":"status-publish","4":"has-post-thumbnail","6":"product_brand-stamina","7":"product_cat-mr-botellas-y-termos","8":"product_cat-acc-merchandising","9":"product_cat-mr-tazas","10":"tm-no-options","12":"first","13":"instock","14":"taxable","15":"shipping-taxable","16":"product-type-variable"},"acf":[],"_links":{"self":[{"href":"https:\/\/grupotextil.es\/ca\/wp-json\/wp\/v2\/product\/207399","targetHints":{"allow":["GET"]}}],"collection":[{"href":"https:\/\/grupotextil.es\/ca\/wp-json\/wp\/v2\/product"}],"about":[{"href":"https:\/\/grupotextil.es\/ca\/wp-json\/wp\/v2\/types\/product"}],"replies":[{"embeddable":true,"href":"https:\/\/grupotextil.es\/ca\/wp-json\/wp\/v2\/comments?post=207399"}],"wp:featuredmedia":[{"embeddable":true,"href":"https:\/\/grupotextil.es\/ca\/wp-json\/wp\/v2\/media\/207400"}],"wp:attachment":[{"href":"https:\/\/grupotextil.es\/ca\/wp-json\/wp\/v2\/media?parent=207399"}],"wp:term":[{"taxonomy":"product_brand","embeddable":true,"href":"https:\/\/grupotextil.es\/ca\/wp-json\/wp\/v2\/product_brand?post=207399"},{"taxonomy":"product_cat","embeddable":true,"href":"https:\/\/grupotextil.es\/ca\/wp-json\/wp\/v2\/product_cat?post=207399"},{"taxonomy":"product_tag","embeddable":true,"href":"https:\/\/grupotextil.es\/ca\/wp-json\/wp\/v2\/product_tag?post=207399"}],"curies":[{"name":"wp","href":"https:\/\/api.w.org\/{rel}","templated":true}]}}