{"id":207437,"date":"2026-03-04T01:07:58","date_gmt":"2026-03-04T00:07:58","guid":{"rendered":"https:\/\/grupotextil.es\/producto\/bidon-de-cristal-reciclado-stamina-voznan-1545\/"},"modified":"2026-03-04T06:14:28","modified_gmt":"2026-03-04T05:14:28","slug":"bidon-de-cristal-reciclado-stamina-voznan-1545","status":"publish","type":"product","link":"https:\/\/grupotextil.es\/ca\/product\/bidon-de-cristal-reciclado-stamina-voznan-1545\/","title":{"rendered":"Bid\u00f3n de Cristal Reciclado Stamina Voznan 1545"},"content":{"rendered":"<p>Bid\u00f3n de cristal reciclado trasl\u00facido. Cuenta con un elegante tap\u00f3n de bamb\u00fa a rosca y una pr\u00e1ctica asa de transporte. Ideal para quienes buscan una opci\u00f3n ecol\u00f3gica y estilizada para mantenerse hidratados. Perfecto para usar en cualquier lugar, combinando sostenibilidad y dise\u00f1o moderno en un solo producto. Capacidad de 500 ml.<\/p>","protected":false},"excerpt":{"rendered":"<p>Bid\u00f3n de cristal reciclado trasl\u00facido. Cuenta con un elegante tap\u00f3n de bamb\u00fa a rosca y una pr\u00e1ctica asa de transporte. Ideal para quienes buscan una opci\u00f3n ecol\u00f3gica y estilizada para mantenerse hidratados. Perfecto para usar en cualquier lugar, combinando sostenibilidad y dise\u00f1o moderno en un solo producto. Capacidad de 500 ml.<\/p>","protected":false},"featured_media":207438,"comment_status":"open","ping_status":"closed","template":"","meta":{"_acf_changed":false},"product_brand":[14012],"product_cat":[13958,14006,13971],"product_tag":[],"class_list":{"0":"post-207437","1":"product","2":"type-product","3":"status-publish","4":"has-post-thumbnail","6":"product_brand-stamina","7":"product_cat-mr-botellas-y-termos","8":"product_cat-acc-merchandising","9":"product_cat-mr-tazas","10":"tm-no-options","12":"first","13":"instock","14":"taxable","15":"shipping-taxable","16":"product-type-variable"},"acf":[],"_links":{"self":[{"href":"https:\/\/grupotextil.es\/ca\/wp-json\/wp\/v2\/product\/207437","targetHints":{"allow":["GET"]}}],"collection":[{"href":"https:\/\/grupotextil.es\/ca\/wp-json\/wp\/v2\/product"}],"about":[{"href":"https:\/\/grupotextil.es\/ca\/wp-json\/wp\/v2\/types\/product"}],"replies":[{"embeddable":true,"href":"https:\/\/grupotextil.es\/ca\/wp-json\/wp\/v2\/comments?post=207437"}],"wp:featuredmedia":[{"embeddable":true,"href":"https:\/\/grupotextil.es\/ca\/wp-json\/wp\/v2\/media\/207438"}],"wp:attachment":[{"href":"https:\/\/grupotextil.es\/ca\/wp-json\/wp\/v2\/media?parent=207437"}],"wp:term":[{"taxonomy":"product_brand","embeddable":true,"href":"https:\/\/grupotextil.es\/ca\/wp-json\/wp\/v2\/product_brand?post=207437"},{"taxonomy":"product_cat","embeddable":true,"href":"https:\/\/grupotextil.es\/ca\/wp-json\/wp\/v2\/product_cat?post=207437"},{"taxonomy":"product_tag","embeddable":true,"href":"https:\/\/grupotextil.es\/ca\/wp-json\/wp\/v2\/product_tag?post=207437"}],"curies":[{"name":"wp","href":"https:\/\/api.w.org\/{rel}","templated":true}]}}