{"id":207526,"date":"2026-03-04T01:09:08","date_gmt":"2026-03-04T00:09:08","guid":{"rendered":"https:\/\/grupotextil.es\/producto\/lapiz-de-grafito-con-escritura-infinita-y-funcion-de-regla-stamina-grafix-1240\/"},"modified":"2026-03-04T06:14:28","modified_gmt":"2026-03-04T05:14:28","slug":"lapiz-de-grafito-con-escritura-infinita-y-funcion-de-regla-stamina-grafix-1240","status":"publish","type":"product","link":"https:\/\/grupotextil.es\/ca\/product\/lapiz-de-grafito-con-escritura-infinita-y-funcion-de-regla-stamina-grafix-1240\/","title":{"rendered":"L\u00e1piz de Grafito con Escritura Infinita y Funci\u00f3n de Regla Stamina Grafix 1240"},"content":{"rendered":"<p>L\u00e1piz multifunci\u00f3n con cuerpo de bamb\u00fa en forma hexagonal. Con punta de grafito de escritura infinita intercambiable. Con funci\u00f3n de regla, con marcas de medida grabadas en el cuerpo de bamb\u00fa. Con un puntero t\u00e1ctil en el extremo opuesto para interactuar con dispositivos de pantalla t\u00e1ctil. Con capucha de cart\u00f3n.<\/p>\n<p>&nbsp;<\/p>","protected":false},"excerpt":{"rendered":"<p>L\u00e1piz multifunci\u00f3n con cuerpo de bamb\u00fa en forma hexagonal. Con punta de grafito de escritura infinita intercambiable. Con funci\u00f3n de regla, con marcas de medida grabadas en el cuerpo de bamb\u00fa. Con un puntero t\u00e1ctil en el extremo opuesto para interactuar con dispositivos de pantalla t\u00e1ctil. Con capucha de cart\u00f3n.<\/p>\n<p>&nbsp;<\/p>","protected":false},"featured_media":207527,"comment_status":"open","ping_status":"closed","template":"","meta":{"_acf_changed":false},"product_brand":[14012],"product_cat":[14006,13972],"product_tag":[],"class_list":{"0":"post-207526","1":"product","2":"type-product","3":"status-publish","4":"has-post-thumbnail","6":"product_brand-stamina","7":"product_cat-acc-merchandising","8":"product_cat-oficina-y-escritura","9":"tm-no-options","11":"first","12":"instock","13":"taxable","14":"shipping-taxable","15":"product-type-variable"},"acf":[],"_links":{"self":[{"href":"https:\/\/grupotextil.es\/ca\/wp-json\/wp\/v2\/product\/207526","targetHints":{"allow":["GET"]}}],"collection":[{"href":"https:\/\/grupotextil.es\/ca\/wp-json\/wp\/v2\/product"}],"about":[{"href":"https:\/\/grupotextil.es\/ca\/wp-json\/wp\/v2\/types\/product"}],"replies":[{"embeddable":true,"href":"https:\/\/grupotextil.es\/ca\/wp-json\/wp\/v2\/comments?post=207526"}],"wp:featuredmedia":[{"embeddable":true,"href":"https:\/\/grupotextil.es\/ca\/wp-json\/wp\/v2\/media\/207527"}],"wp:attachment":[{"href":"https:\/\/grupotextil.es\/ca\/wp-json\/wp\/v2\/media?parent=207526"}],"wp:term":[{"taxonomy":"product_brand","embeddable":true,"href":"https:\/\/grupotextil.es\/ca\/wp-json\/wp\/v2\/product_brand?post=207526"},{"taxonomy":"product_cat","embeddable":true,"href":"https:\/\/grupotextil.es\/ca\/wp-json\/wp\/v2\/product_cat?post=207526"},{"taxonomy":"product_tag","embeddable":true,"href":"https:\/\/grupotextil.es\/ca\/wp-json\/wp\/v2\/product_tag?post=207526"}],"curies":[{"name":"wp","href":"https:\/\/api.w.org\/{rel}","templated":true}]}}