{"id":207613,"date":"2026-03-04T01:11:14","date_gmt":"2026-03-04T00:11:14","guid":{"rendered":"https:\/\/grupotextil.es\/producto\/cable-cargador-stamina-lens-1100\/"},"modified":"2026-03-04T06:14:29","modified_gmt":"2026-03-04T05:14:29","slug":"cable-cargador-stamina-lens-1100","status":"publish","type":"product","link":"https:\/\/grupotextil.es\/ca\/product\/cable-cargador-stamina-lens-1100\/","title":{"rendered":"Cable Cargador Stamina Lens 1100"},"content":{"rendered":"<p>Cable cargador extensible 5 en 1, con cuerpo elaborado en ABS reciclado y bamb\u00fa. Con hasta 96 cm de longitud en extensi\u00f3n. Con conexi\u00f3n de entrada USB y Tipo C y conexiones de salida Lightning, Micro USB, y Tipo C.<\/p>\n<p>&nbsp;<\/p>","protected":false},"excerpt":{"rendered":"<p>Cable cargador extensible 5 en 1, con cuerpo elaborado en ABS reciclado y bamb\u00fa. Con hasta 96 cm de longitud en extensi\u00f3n. Con conexi\u00f3n de entrada USB y Tipo C y conexiones de salida Lightning, Micro USB, y Tipo C.<\/p>\n<p>&nbsp;<\/p>","protected":false},"featured_media":207614,"comment_status":"open","ping_status":"closed","template":"","meta":{"_acf_changed":false},"product_brand":[14012],"product_cat":[14006,13959],"product_tag":[],"class_list":{"0":"post-207613","1":"product","2":"type-product","3":"status-publish","4":"has-post-thumbnail","6":"product_brand-stamina","7":"product_cat-acc-merchandising","8":"product_cat-mr-tecnologia","9":"tm-no-options","11":"first","12":"instock","13":"taxable","14":"shipping-taxable","15":"product-type-variable"},"acf":[],"_links":{"self":[{"href":"https:\/\/grupotextil.es\/ca\/wp-json\/wp\/v2\/product\/207613","targetHints":{"allow":["GET"]}}],"collection":[{"href":"https:\/\/grupotextil.es\/ca\/wp-json\/wp\/v2\/product"}],"about":[{"href":"https:\/\/grupotextil.es\/ca\/wp-json\/wp\/v2\/types\/product"}],"replies":[{"embeddable":true,"href":"https:\/\/grupotextil.es\/ca\/wp-json\/wp\/v2\/comments?post=207613"}],"wp:featuredmedia":[{"embeddable":true,"href":"https:\/\/grupotextil.es\/ca\/wp-json\/wp\/v2\/media\/207614"}],"wp:attachment":[{"href":"https:\/\/grupotextil.es\/ca\/wp-json\/wp\/v2\/media?parent=207613"}],"wp:term":[{"taxonomy":"product_brand","embeddable":true,"href":"https:\/\/grupotextil.es\/ca\/wp-json\/wp\/v2\/product_brand?post=207613"},{"taxonomy":"product_cat","embeddable":true,"href":"https:\/\/grupotextil.es\/ca\/wp-json\/wp\/v2\/product_cat?post=207613"},{"taxonomy":"product_tag","embeddable":true,"href":"https:\/\/grupotextil.es\/ca\/wp-json\/wp\/v2\/product_tag?post=207613"}],"curies":[{"name":"wp","href":"https:\/\/api.w.org\/{rel}","templated":true}]}}