{"id":207628,"date":"2026-03-04T01:11:31","date_gmt":"2026-03-04T00:11:31","guid":{"rendered":"https:\/\/grupotextil.es\/producto\/pelota-stamina-tuchel-2151\/"},"modified":"2026-03-04T06:14:29","modified_gmt":"2026-03-04T05:14:29","slug":"pelota-stamina-tuchel-2151","status":"publish","type":"product","link":"https:\/\/grupotextil.es\/ca\/product\/pelota-stamina-tuchel-2151\/","title":{"rendered":"Pelota Stamina Tuchel 2151"},"content":{"rendered":"<p>Bal\u00f3n de f\u00fatbol de tama\u00f1o 5. Realizado en polipiel de acabado bicolor combinando paneles hexagonales y pentagonales.<\/p>","protected":false},"excerpt":{"rendered":"<p>Bal\u00f3n de f\u00fatbol de tama\u00f1o 5. Realizado en polipiel de acabado bicolor combinando paneles hexagonales y pentagonales.<\/p>","protected":false},"featured_media":207629,"comment_status":"open","ping_status":"closed","template":"","meta":{"_acf_changed":false},"product_brand":[14012],"product_cat":[13973],"product_tag":[],"class_list":{"0":"post-207628","1":"product","2":"type-product","3":"status-publish","4":"has-post-thumbnail","6":"product_brand-stamina","7":"product_cat-ropa","8":"tm-no-options","10":"first","11":"instock","12":"taxable","13":"shipping-taxable","14":"product-type-variable"},"acf":[],"_links":{"self":[{"href":"https:\/\/grupotextil.es\/ca\/wp-json\/wp\/v2\/product\/207628","targetHints":{"allow":["GET"]}}],"collection":[{"href":"https:\/\/grupotextil.es\/ca\/wp-json\/wp\/v2\/product"}],"about":[{"href":"https:\/\/grupotextil.es\/ca\/wp-json\/wp\/v2\/types\/product"}],"replies":[{"embeddable":true,"href":"https:\/\/grupotextil.es\/ca\/wp-json\/wp\/v2\/comments?post=207628"}],"wp:featuredmedia":[{"embeddable":true,"href":"https:\/\/grupotextil.es\/ca\/wp-json\/wp\/v2\/media\/207629"}],"wp:attachment":[{"href":"https:\/\/grupotextil.es\/ca\/wp-json\/wp\/v2\/media?parent=207628"}],"wp:term":[{"taxonomy":"product_brand","embeddable":true,"href":"https:\/\/grupotextil.es\/ca\/wp-json\/wp\/v2\/product_brand?post=207628"},{"taxonomy":"product_cat","embeddable":true,"href":"https:\/\/grupotextil.es\/ca\/wp-json\/wp\/v2\/product_cat?post=207628"},{"taxonomy":"product_tag","embeddable":true,"href":"https:\/\/grupotextil.es\/ca\/wp-json\/wp\/v2\/product_tag?post=207628"}],"curies":[{"name":"wp","href":"https:\/\/api.w.org\/{rel}","templated":true}]}}